{"id":2238,"date":"2019-10-17T07:09:01","date_gmt":"2019-10-17T07:09:01","guid":{"rendered":"https:\/\/www.digitalpa.net\/?page_id=2238"},"modified":"2023-01-09T12:01:37","modified_gmt":"2023-01-09T12:01:37","slug":"politica-de-privacidad-y-cookies","status":"publish","type":"page","link":"https:\/\/www.digitalpa.net\/es\/politica-de-privacidad-y-cookies\/","title":{"rendered":"Politica de Privacidad y Cookies"},"content":{"rendered":"<p>[et_pb_section fb_built=\u00bb1&#8243; _builder_version=\u00bb3.22&#8243; global_colors_info=\u00bb{}\u00bb][et_pb_row _builder_version=\u00bb3.25&#8243; background_size=\u00bbinitial\u00bb background_position=\u00bbtop_left\u00bb background_repeat=\u00bbrepeat\u00bb global_colors_info=\u00bb{}\u00bb][et_pb_column type=\u00bb4_4&#8243; _builder_version=\u00bb3.25&#8243; custom_padding=\u00bb|||\u00bb global_colors_info=\u00bb{}\u00bb custom_padding__hover=\u00bb|||\u00bb][et_pb_text _builder_version=\u00bb4.14.4&#8243; hover_enabled=\u00bb0&#8243; global_colors_info=\u00bb{}\u00bb sticky_enabled=\u00bb0&#8243;]<\/p>\n<h1><strong>Pol\u00edtica de privacidad y cookies<\/strong><\/h1>\n<p>Esta secci\u00f3n del portal tiene el objetivo de indicar las pol\u00edticas de la empresa DigitalPA S.r.l. (de conformidad con el GDPR &#8211; Reglamento General de Protecci\u00f3n de Datos &#8211; 2016\/679) en relaci\u00f3n con el tratamiento de los datos personales recogidos durante la navegaci\u00f3n por el portal.<\/p>\n<p>La nota informativa solo se aplica para el portal gestionado por la empresa DigitalPA S.r.l, aunque el Administrador recomienda encarecidamente familiarizarse con las pol\u00edticas de la privacidad y los t\u00e9rminos de uso de cualquier otro sitio web externo y\/o de los servicios pertenecientes a terceros, no estando estos de ninguna manera sujetos al \u00e1mbito de aplicaci\u00f3n del Administrador.<\/p>\n<p>La nota informativa tambi\u00e9n se basa en la Recomendaci\u00f3n n\u00fam. 2\/2001 que las autoridades europeas para la protecci\u00f3n de los datos personales, reunidas en el Grupo creado por el art\u00edculo 29 de la Directiva n\u00fam. 95\/46\/CE, adoptaron el 17 de mayo de 2001 para establecer algunos requisitos m\u00ednimos para la recopilaci\u00f3n en l\u00ednea de datos de car\u00e1cter personal, y en concreto, las modalidades, los tiempos y la naturaleza de la informaci\u00f3n que los titulares del tratamiento deben proporcionar a los usuarios cuando estos se conectan a p\u00e1ginas web, independientemente de las finalidades de la conexi\u00f3n.<\/p>\n<p>&nbsp;<\/p>\n<h2><strong>Titular Del Tratamiento<\/strong><\/h2>\n<p>El Titular del tratamiento de los datos es la empresa DigitalPA S.r.l. con sede legal en Cagliari, en via San Tommaso d&#8217;Aquino 18A, a la cual es posible dirigirse para ejercer los derechos mencionados en el art\u00edculo 13 y\/o para eventuales aclaraciones en materia de protecci\u00f3n de datos personales,<br \/>y que puede ser contactada en la direcci\u00f3n: <a href=\"mailto:privacy@digitalpa.it\">privacy@digitalpa.it<\/a><\/p>\n<p>&nbsp;<\/p>\n<h2><strong>Lugar Del Tratamiento De Los Datos<\/strong><\/h2>\n<p>Los tratamientos relacionados con los servicios web de este portal tienen lugar en la sede de la empresa DigitalPA S.r.l. y son tramitados solo por personal t\u00e9cnico de la sociedad encargada del tratamiento. Los datos personales proporcionados por los usuarios que remiten solicitudes de env\u00edo de material informativo o servicios en general se utilizan con el \u00fanico fin de realizar el servicio o la asistencia solicitada y no se comunican a personas no autorizadas.<\/p>\n<p>&nbsp;<\/p>\n<h2><strong>Tipos de datos tratados<\/strong><\/h2>\n<p><strong>Datos de navegaci\u00f3n<\/strong><\/p>\n<p>Los sistemas inform\u00e1ticos y los procedimientos de software para el funcionamiento de este portal recogen, durante su funcionamiento normal, algunos datos personales cuya transmisi\u00f3n es impl\u00edcita en el uso de protocolos de comunicaci\u00f3n de Internet.<\/p>\n<p>Se trata de informaciones que no son recogidas para ser asociadas a personas identificadas, sino que por su propia naturaleza podr\u00edan, mediante elaboraciones y asociaciones con datos en posesi\u00f3n de terceros, permitir identificar a los usuarios.<\/p>\n<p>En esta categor\u00eda de datos entran las direcciones IP o los nombres con dominio de los ordenadores utilizados por los usuarios que se conectan al portal, las direcciones de los recursos solicitados, el horario de la solicitud, el m\u00e9todo utilizado al someter la solicitud al servidor, las dimensiones del archivo obtenido como respuesta, el c\u00f3digo num\u00e9rico que indica el estado de la respuesta dada por el servidor (correcta, error, etc.) y otros par\u00e1metros relativos al sistema operativo y al entorno inform\u00e1tico del usuario.<\/p>\n<p><strong>Datos proporcionados voluntariamente por el usuario<\/strong><\/p>\n<p>El env\u00edo facultativo, expl\u00edcito y voluntario de correo electr\u00f3nico a las direcciones indicadas en este portal comporta la posterior adquisici\u00f3n de la direcci\u00f3n del remitente, necesaria para responder a las solicitudes, as\u00ed como los otros eventuales datos personales introducidos en el escrito.<\/p>\n<p>Se precisa que los datos personales y\/o empresariales introducidos en los formularios presentes en este portal son protegidos por la empresa DigitalPA S.r.l. y se utilizan para responder a las preguntas del usuario, para proporcionar la informaci\u00f3n solicitada o para contactar con el usuario.<\/p>\n<p>Las notas informativas espec\u00edficas de tesis se indicar\u00e1n o visualizar\u00e1n de manera progresiva en las p\u00e1ginas del portal relativas para servicios especiales a petici\u00f3n.<\/p>\n<p>&nbsp;<\/p>\n<h2><strong>Cookies<\/strong><\/h2>\n<p>El portal no recopilar\u00e1 impl\u00edcitamente ning\u00fan dato personal de los usuarios.No se usan cookies para transmitir informaci\u00f3n de car\u00e1cter personal, ni tampoco se utilizan cookies permanentes para el seguimiento de los usuarios. Se utilizan exclusivamente cookies t\u00e9cnicas, las cuales no permiten la creaci\u00f3n de perfiles y la identificaci\u00f3n de las personas f\u00edsicas. La \u00fanica cookie permanente que se utiliza permite personalizar la navegaci\u00f3n del portal por parte del usuario en aras de simplificar el acceso al propio portal. El uso de las cookies de sesi\u00f3n (que no se almacenan de forma permanente en el ordenador del usuario y que desaparecen cuando se cierra el navegador) se limita estrictamente a la transmisi\u00f3n de identificadores de sesi\u00f3n (constituidos por n\u00fameros aleatorios generados por el servidor), necesarios para permitir la navegaci\u00f3n segura y eficiente del portal.<\/p>\n<p><em><strong>Google reCAPTCHA<\/strong><\/em><br \/>Este sitio web utiliza el servicio \u00abGoogle reCAPTCHA\u00bb, un servicio dise\u00f1ado para prevenir o disuadir el env\u00edo de comentarios o mensajes spam por parte de usuarios o spambots.<br \/>El uso de esta tecnolog\u00eda implica la instalaci\u00f3n de cookies (_GRECAPTCHA non-profiling) de la tercera empresa, Google Inc. Sin embargo, el sitio no comparte ninguna informaci\u00f3n de navegaci\u00f3n ni datos del usuario. Tambi\u00e9n es posible consultar la pol\u00edtica de privacidad dirigida a los Usuarios haciendo clic <a href=\"https:\/\/policies.google.com\/privacy?hl=es\">aqu\u00ed<\/a>. (Cookie duraci\u00f3n 90 d\u00edas)<\/p>\n<p>&nbsp;<\/p>\n<h2><strong>Opcionalidad de la concesi\u00f3n de los datos<\/strong><\/h2>\n<p>Adem\u00e1s de todo aquello especificado para los datos de navegaci\u00f3n, el usuario es libre para proporcionar los datos personales contenidos en los m\u00f3dulos de solicitud de los mismos. La no concesi\u00f3n de los datos puede comportar la imposibilidad de obtener todo aquello solicitado.<\/p>\n<p>&nbsp;<\/p>\n<h2><strong>Modalidad del tratamiento de datos<\/strong><\/h2>\n<p>Personal data is processed with automated tools for the time strictly necessary to achieve the purposes for which they were collected. Specific security measures are observed to prevent data loss, unlawful or incorrect uses and unauthorized access.<\/p>\n<p>&nbsp;<\/p>\n<h2><strong>Derechos de las personas<\/strong><\/h2>\n<p>Las personas a las que se refieren los datos personales tienen el derecho en cualquier momento:<\/p>\n<ul>\n<li>de poder acceder plenamente a sus datos personales y a una copia de los mismos, si el Titular poseyera y\/o tratara los datos personales que les conciernen;<\/li>\n<li>de obtener la rectificaci\u00f3n o la cancelaci\u00f3n de los mismos, o la limitaci\u00f3n del tratamiento que les conciernen;<\/li>\n<li>de oponerse en cualquier caso, por motivos leg\u00edtimos, al tratamiento de sus datos;<\/li>\n<li>de ejercer el derecho a la portabilidad de los datos;<\/li>\n<li>de revocar su consentimiento al tratamiento de los datos personales en los casos previstos. La revocaci\u00f3n del consentimiento no afecta a la licitud del tratamiento basada en el consentimiento dado antes de la revocaci\u00f3n;<\/li>\n<li>de presentar una reclamaci\u00f3n a la autoridad de control en materia de protecci\u00f3n de los datos personales.<\/li>\n<\/ul>\n<p>Las solicitudes deben ser enviadas a la direcci\u00f3n: DigitalPA S.r.l. &#8211; via S. Tommaso d&#8217;Aquino 18\/A, 09134 Cagliari (CA).<\/p>\n<p>El \u201cResponsable de la Protecci\u00f3n de los Datos\u201d, al cual es posible dirigirse para ejercer los derechos contemplados en el Art\u00edculo 13 del GDPR y\/o para eventuales aclaraciones en materia de protecci\u00f3n de datos personales, puede ser contactado en la direcci\u00f3n: <a href=\"mailto:privacy@digitalpa.it\">privacy@digitalpa.it<\/a>.<\/p>\n<p>[\/et_pb_text][\/et_pb_column][\/et_pb_row][\/et_pb_section]<\/p>\n","protected":false},"excerpt":{"rendered":"<p>Pol\u00edtica de privacidad y cookies Esta secci\u00f3n del portal tiene el objetivo de indicar las pol\u00edticas de la empresa DigitalPA S.r.l. (de conformidad con el GDPR &#8211; Reglamento General de Protecci\u00f3n de Datos &#8211; 2016\/679) en relaci\u00f3n con el tratamiento de los datos personales recogidos durante la navegaci\u00f3n por el portal. La nota informativa solo [&hellip;]<\/p>\n","protected":false},"author":4,"featured_media":0,"parent":0,"menu_order":0,"comment_status":"closed","ping_status":"closed","template":"","meta":{"_et_pb_use_builder":"on","_et_pb_old_content":"<p>This section of the portal aims to indicate the policies of DigitalPA S.r.l. (under GDPR-General Data Protection Regulation-2016\/679) regarding the processing of personal data collected while browsing the portal.<\/p><p>This information is provided only for the portal run by DigitalPA S.r.l. and not for other web sites accessed via links.<\/p><p>The information is also based on Recommendation 2\/2001 which the European authorities for the protection of personal data gathered by the group established by art. 29 of Directive n. 95\/46\/EC, adopted on 17 May 2001 to identify some minimum requirements for collecting personal data on-line, and, in particular, the procedures, the timing and the nature of the information that data controllers must supply to users when they connect to web pages, regardless of the purpose of the connection.<\/p><p><strong>DATA CONTROLLER<\/strong><\/p><p>The data controller is the DigitalPA S.r.l. with registered office in Cagliari in via San Tommaso D'Aquino 18\/A. It is possible to contact DigitalPA S.r.l. at privacy@digitalpa.it in order to exercise your rights under Art. 13 and\/or for any clarifications regarding the protection of personal data.<\/p><p><strong>LOCATION OF DATA PROCESSING<\/strong><\/p><p>The processing operations connected to the web services of this website take place at the offices of DigitalPA S.r.l. and are only handled by technical personnel of the company in charge of processing, or by persons in charge of occasional maintenance operations, or external staff in charge of processing.<\/p><p>No data deriving from the web service is communicated or disseminated.<\/p><p>The personal data provided by users who request dispatch of informative material (requests about questions, news, notices, etc.) or services in general are used only to perform the institutional service or communication and are communicated to third parties only where this is necessary for that purpose.<\/p><p><strong>TYPE OF DATA PROCESSED<\/strong><\/p><p><strong>Browsing data<\/strong><\/p><p>The computer systems and software procedures used to operate this website acquire, during their normal operation, some personal data whose transmission is implicit in the use of Internet communication protocols.<\/p><p>Such information is not collected in order to relate it to identified data subjects, however it might allow user identification per se after being processed and matched with data held by third parties.<\/p><p>This category of data includes IP addresses or domain names of computers used by users to connect to the website, the addresses of the requested resources, the time of request, the method used to submit the request to the server, the size of the file obtained in reply, the numerical code indicating the status of the answer given to the server (successful, error, etc.) and other parameters relating to the user's operating system and computer environment.<\/p><p><strong>Data provided voluntarily by the user<\/strong><\/p><p>The optional, explicit and voluntary sending of e-mails to the addresses indicated on this website involves the subsequent acquisition of the address of the sender, necessary to respond to requests, and any other personal data included in the message.<\/p><p>It is noted that the personal and\/or business data entered in the forms on this website are protected by DigitalPA S.r.l. and used to answer questions, to provide the requested information or to contact the user.<\/p><p>Specific summary information will be progressively reported or displayed in the pages of the portal dedicated to particular services upon request.<\/p><p><strong>COOKIES<\/strong><\/p><p>No personal user data is implicitly captured by the portal.<\/p><p>Cookies are not used for the transmission of personal information, nor are persistent cookies used for tracking users.<\/p><p>Only technical cookies are used that do not allow the creation of profiles and identification of individuals. The only persistent cookie that is used allows the user to customize the navigation of the portal, so that the user does not have to make that choice every time he or she accesses the portal.<\/p><p>The use of session cookies (which are not stored persistently on the user's computer and vanish with the closure of the browser) is strictly limited to the transmission of session identifiers (consisting of random numbers generated by the server) required to enable safe and efficient portal navigation.<\/p><p><strong>OPTIONAL SUBMITTAL OF DATA<\/strong><\/p><p>Apart from what is specified for the navigation data or what will be specified in relation to particular treatments in the various services offered in the portal, the user is free to provide the personal data reported in the application forms.<\/p><p>Failure to submit data may lead to the impossibility of obtaining what is requested.<\/p><p><strong>METHODS OF USE OF PERSONAL INFORMATION<\/strong><\/p><p>Personal data is processed with automated tools for the time strictly necessary to achieve the purposes for which they were collected.<\/p><p>Specific security measures are observed to prevent data loss, unlawful or incorrect uses and unauthorized access.<\/p><p><strong>RIGHTS OF DATA SUBJECTS<\/strong><\/p><p>The data subjects have the right, at any time:<\/p><ul><li>to access to personal data;<\/li><li>to obtain the adjustment or deletion of the same or the limitation of the treatment that concerns it;<\/li><li>to oppose treatment;<\/li><li>to data portability;<\/li><li>to withdraw the consent, where provided: the withdrawal of consent does not affect the legality of the treatment based on the consent conferred before the withdrawal;<\/li><li>to make a complaint to the supervisory authority (Privacy Guarantor).<\/li><\/ul><p>Requests should be made to: DigitalPA S.r.l. - via San Tommaso D\u2019Aquino 18\/A, 09134 Cagliari (CA).<\/p><p>The \"Data Protection Officer\" to whom you can turn to exercise the rights referred to in Art. 13 of the GDPR and\/or for any clarification regarding personal data protection can be reached at: privacy@digitalpa.it.<\/p>","_et_gb_content_width":"","footnotes":""},"class_list":["post-2238","page","type-page","status-publish","hentry"],"yoast_head":"<!-- This site is optimized with the Yoast SEO plugin v27.1.1 - https:\/\/yoast.com\/product\/yoast-seo-wordpress\/ -->\n<title>Politica de Privacidad y Cookies - DigitalPA<\/title>\n<meta name=\"description\" content=\"Todos los detalles de la Pol\u00edtica de Privacidad y Cookies del sitio web de DigitalPA, soluciones de software para empresas y administraciones p\u00fablicas.\" \/>\n<meta name=\"robots\" content=\"index, follow, max-snippet:-1, max-image-preview:large, max-video-preview:-1\" \/>\n<link rel=\"canonical\" href=\"https:\/\/www.digitalpa.net\/es\/politica-de-privacidad-y-cookies\/\" \/>\n<meta property=\"og:locale\" content=\"es_ES\" \/>\n<meta property=\"og:type\" content=\"article\" \/>\n<meta property=\"og:title\" content=\"Politica de Privacidad y Cookies - DigitalPA\" \/>\n<meta property=\"og:description\" content=\"Todos los detalles de la Pol\u00edtica de Privacidad y Cookies del sitio web de DigitalPA, soluciones de software para empresas y administraciones p\u00fablicas.\" \/>\n<meta property=\"og:url\" content=\"https:\/\/www.digitalpa.net\/es\/politica-de-privacidad-y-cookies\/\" \/>\n<meta property=\"og:site_name\" content=\"DigitalPA\" \/>\n<meta property=\"article:modified_time\" content=\"2023-01-09T12:01:37+00:00\" \/>\n<meta name=\"twitter:card\" content=\"summary_large_image\" \/>\n<meta name=\"twitter:label1\" content=\"Tiempo de lectura\" \/>\n\t<meta name=\"twitter:data1\" content=\"5 minutos\" \/>\n<script type=\"application\/ld+json\" class=\"yoast-schema-graph\">{\"@context\":\"https:\/\/schema.org\",\"@graph\":[{\"@type\":\"WebPage\",\"@id\":\"https:\/\/www.digitalpa.net\/es\/politica-de-privacidad-y-cookies\/\",\"url\":\"https:\/\/www.digitalpa.net\/es\/politica-de-privacidad-y-cookies\/\",\"name\":\"Politica de Privacidad y Cookies - DigitalPA\",\"isPartOf\":{\"@id\":\"https:\/\/www.digitalpa.net\/en\/#website\"},\"datePublished\":\"2019-10-17T07:09:01+00:00\",\"dateModified\":\"2023-01-09T12:01:37+00:00\",\"description\":\"Todos los detalles de la Pol\u00edtica de Privacidad y Cookies del sitio web de DigitalPA, soluciones de software para empresas y administraciones p\u00fablicas.\",\"breadcrumb\":{\"@id\":\"https:\/\/www.digitalpa.net\/es\/politica-de-privacidad-y-cookies\/#breadcrumb\"},\"inLanguage\":\"es\",\"potentialAction\":[{\"@type\":\"ReadAction\",\"target\":[\"https:\/\/www.digitalpa.net\/es\/politica-de-privacidad-y-cookies\/\"]}]},{\"@type\":\"BreadcrumbList\",\"@id\":\"https:\/\/www.digitalpa.net\/es\/politica-de-privacidad-y-cookies\/#breadcrumb\",\"itemListElement\":[{\"@type\":\"ListItem\",\"position\":1,\"name\":\"Home\",\"item\":\"https:\/\/www.digitalpa.net\/en\/\"},{\"@type\":\"ListItem\",\"position\":2,\"name\":\"Politica de Privacidad y Cookies\"}]},{\"@type\":\"WebSite\",\"@id\":\"https:\/\/www.digitalpa.net\/en\/#website\",\"url\":\"https:\/\/www.digitalpa.net\/en\/\",\"name\":\"DigitalPA\",\"description\":\"Software &amp; Services for Public Authorities and Companies\",\"publisher\":{\"@id\":\"https:\/\/www.digitalpa.net\/en\/#organization\"},\"potentialAction\":[{\"@type\":\"SearchAction\",\"target\":{\"@type\":\"EntryPoint\",\"urlTemplate\":\"https:\/\/www.digitalpa.net\/en\/?s={search_term_string}\"},\"query-input\":{\"@type\":\"PropertyValueSpecification\",\"valueRequired\":true,\"valueName\":\"search_term_string\"}}],\"inLanguage\":\"es\"},{\"@type\":\"Organization\",\"@id\":\"https:\/\/www.digitalpa.net\/en\/#organization\",\"name\":\"DigitalPA\",\"url\":\"https:\/\/www.digitalpa.net\/en\/\",\"logo\":{\"@type\":\"ImageObject\",\"inLanguage\":\"es\",\"@id\":\"https:\/\/www.digitalpa.net\/en\/#\/schema\/logo\/image\/\",\"url\":\"https:\/\/www.digitalpa.net\/wp-content\/uploads\/logo-digitalpa-blu-rosso-orizzontale.jpg\",\"contentUrl\":\"https:\/\/www.digitalpa.net\/wp-content\/uploads\/logo-digitalpa-blu-rosso-orizzontale.jpg\",\"width\":249,\"height\":37,\"caption\":\"DigitalPA\"},\"image\":{\"@id\":\"https:\/\/www.digitalpa.net\/en\/#\/schema\/logo\/image\/\"}}]}<\/script>\n<!-- \/ Yoast SEO plugin. -->","yoast_head_json":{"title":"Politica de Privacidad y Cookies - DigitalPA","description":"Todos los detalles de la Pol\u00edtica de Privacidad y Cookies del sitio web de DigitalPA, soluciones de software para empresas y administraciones p\u00fablicas.","robots":{"index":"index","follow":"follow","max-snippet":"max-snippet:-1","max-image-preview":"max-image-preview:large","max-video-preview":"max-video-preview:-1"},"canonical":"https:\/\/www.digitalpa.net\/es\/politica-de-privacidad-y-cookies\/","og_locale":"es_ES","og_type":"article","og_title":"Politica de Privacidad y Cookies - DigitalPA","og_description":"Todos los detalles de la Pol\u00edtica de Privacidad y Cookies del sitio web de DigitalPA, soluciones de software para empresas y administraciones p\u00fablicas.","og_url":"https:\/\/www.digitalpa.net\/es\/politica-de-privacidad-y-cookies\/","og_site_name":"DigitalPA","article_modified_time":"2023-01-09T12:01:37+00:00","twitter_card":"summary_large_image","twitter_misc":{"Tiempo de lectura":"5 minutos"},"schema":{"@context":"https:\/\/schema.org","@graph":[{"@type":"WebPage","@id":"https:\/\/www.digitalpa.net\/es\/politica-de-privacidad-y-cookies\/","url":"https:\/\/www.digitalpa.net\/es\/politica-de-privacidad-y-cookies\/","name":"Politica de Privacidad y Cookies - DigitalPA","isPartOf":{"@id":"https:\/\/www.digitalpa.net\/en\/#website"},"datePublished":"2019-10-17T07:09:01+00:00","dateModified":"2023-01-09T12:01:37+00:00","description":"Todos los detalles de la Pol\u00edtica de Privacidad y Cookies del sitio web de DigitalPA, soluciones de software para empresas y administraciones p\u00fablicas.","breadcrumb":{"@id":"https:\/\/www.digitalpa.net\/es\/politica-de-privacidad-y-cookies\/#breadcrumb"},"inLanguage":"es","potentialAction":[{"@type":"ReadAction","target":["https:\/\/www.digitalpa.net\/es\/politica-de-privacidad-y-cookies\/"]}]},{"@type":"BreadcrumbList","@id":"https:\/\/www.digitalpa.net\/es\/politica-de-privacidad-y-cookies\/#breadcrumb","itemListElement":[{"@type":"ListItem","position":1,"name":"Home","item":"https:\/\/www.digitalpa.net\/en\/"},{"@type":"ListItem","position":2,"name":"Politica de Privacidad y Cookies"}]},{"@type":"WebSite","@id":"https:\/\/www.digitalpa.net\/en\/#website","url":"https:\/\/www.digitalpa.net\/en\/","name":"DigitalPA","description":"Software &amp; Services for Public Authorities and Companies","publisher":{"@id":"https:\/\/www.digitalpa.net\/en\/#organization"},"potentialAction":[{"@type":"SearchAction","target":{"@type":"EntryPoint","urlTemplate":"https:\/\/www.digitalpa.net\/en\/?s={search_term_string}"},"query-input":{"@type":"PropertyValueSpecification","valueRequired":true,"valueName":"search_term_string"}}],"inLanguage":"es"},{"@type":"Organization","@id":"https:\/\/www.digitalpa.net\/en\/#organization","name":"DigitalPA","url":"https:\/\/www.digitalpa.net\/en\/","logo":{"@type":"ImageObject","inLanguage":"es","@id":"https:\/\/www.digitalpa.net\/en\/#\/schema\/logo\/image\/","url":"https:\/\/www.digitalpa.net\/wp-content\/uploads\/logo-digitalpa-blu-rosso-orizzontale.jpg","contentUrl":"https:\/\/www.digitalpa.net\/wp-content\/uploads\/logo-digitalpa-blu-rosso-orizzontale.jpg","width":249,"height":37,"caption":"DigitalPA"},"image":{"@id":"https:\/\/www.digitalpa.net\/en\/#\/schema\/logo\/image\/"}}]}},"_links":{"self":[{"href":"https:\/\/www.digitalpa.net\/es\/wp-json\/wp\/v2\/pages\/2238","targetHints":{"allow":["GET"]}}],"collection":[{"href":"https:\/\/www.digitalpa.net\/es\/wp-json\/wp\/v2\/pages"}],"about":[{"href":"https:\/\/www.digitalpa.net\/es\/wp-json\/wp\/v2\/types\/page"}],"author":[{"embeddable":true,"href":"https:\/\/www.digitalpa.net\/es\/wp-json\/wp\/v2\/users\/4"}],"replies":[{"embeddable":true,"href":"https:\/\/www.digitalpa.net\/es\/wp-json\/wp\/v2\/comments?post=2238"}],"version-history":[{"count":7,"href":"https:\/\/www.digitalpa.net\/es\/wp-json\/wp\/v2\/pages\/2238\/revisions"}],"predecessor-version":[{"id":5480,"href":"https:\/\/www.digitalpa.net\/es\/wp-json\/wp\/v2\/pages\/2238\/revisions\/5480"}],"wp:attachment":[{"href":"https:\/\/www.digitalpa.net\/es\/wp-json\/wp\/v2\/media?parent=2238"}],"curies":[{"name":"wp","href":"https:\/\/api.w.org\/{rel}","templated":true}]}}