{"id":2163,"date":"2019-10-16T14:07:59","date_gmt":"2019-10-16T14:07:59","guid":{"rendered":"https:\/\/www.digitalpa.net\/?page_id=2163"},"modified":"2022-02-22T13:40:33","modified_gmt":"2022-02-22T13:40:33","slug":"apoyo-participation-procedimientos-italianos","status":"publish","type":"page","link":"https:\/\/www.digitalpa.net\/es\/apoyo-participation-procedimientos-italianos\/","title":{"rendered":"Apoyo a la participaci\u00f3n en los procedimientos italianos"},"content":{"rendered":"<p>[et_pb_section fb_built=\u00bb1&#8243; next_background_color=\u00bb#ffffff\u00bb _builder_version=\u00bb3.19.15&#8243; use_background_color_gradient=\u00bbon\u00bb background_color_gradient_start=\u00bb#0c364f\u00bb background_color_gradient_end=\u00bb#001f45&#8243; background_color_gradient_direction=\u00bb212deg\u00bb background_image=\u00bbhttps:\/\/www.digitalpa.net\/wp-content\/uploads\/support-supplier-online-tender.jpg\u00bb background_blend=\u00bbhard-light\u00bb custom_margin=\u00bb0px||0px|\u00bb custom_padding=\u00bb0px||0px|\u00bb][et_pb_row _builder_version=\u00bb3.0.48&#8243; background_size=\u00bbinitial\u00bb background_position=\u00bbtop_left\u00bb background_repeat=\u00bbrepeat\u00bb][et_pb_column type=\u00bb4_4&#8243; _builder_version=\u00bb3.0.47&#8243;][et_pb_text _builder_version=\u00bb3.19.15&#8243; text_font=\u00bb|600|||||||\u00bb text_text_shadow_style=\u00bbpreset2&#8243; header_font=\u00bb|700|||||||\u00bb header_font_size=\u00bb40px\u00bb header_text_shadow_style=\u00bbpreset2&#8243; background_layout=\u00bbdark\u00bb]<\/p>\n<h1 style=\"text-align: center;\">Apoyo a la participaci\u00f3n en los procedimientos italianos<\/h1>\n<p>[\/et_pb_text][\/et_pb_column][\/et_pb_row][et_pb_row custom_width_percent=\u00bb70%\u00bb use_custom_gutter=\u00bbon\u00bb gutter_width=\u00bb2&#8243; custom_padding=\u00bb||3%|\u00bb _builder_version=\u00bb3.19.15&#8243;][et_pb_column type=\u00bb1_2&#8243; _builder_version=\u00bb3.0.47&#8243;][et_pb_text _builder_version=\u00bb3.19.15&#8243; header_font=\u00bb|700|||||||\u00bb header_font_size=\u00bb50px\u00bb text_orientation=\u00bbjustified\u00bb background_layout=\u00bbdark\u00bb]<\/p>\n<p>La normativa italiana en materia de contrataci\u00f3n, a pesar de estar en l\u00ednea con las directivas europeas, presenta diferencias importantes de procedimiento en t\u00e9rminos de requisitos que pueden confundir a quienes no est\u00e1n muy familiarizados o no hayan trabajado nunca con una administraci\u00f3n p\u00fablica en Italia.<\/p>\n<p><span lang=\"EN-GB\"> <\/span><\/p>\n<p>[\/et_pb_text][\/et_pb_column][et_pb_column type=\u00bb1_2&#8243; _builder_version=\u00bb3.0.47&#8243;][\/et_pb_column][\/et_pb_row][\/et_pb_section][et_pb_section fb_built=\u00bb1&#8243; prev_background_color=\u00bb#000000&#8243; next_background_color=\u00bb#0c71c3&#8243; _builder_version=\u00bb3.19.15&#8243; custom_padding=\u00bb0px||0px|\u00bb][et_pb_row use_custom_width=\u00bbon\u00bb width_unit=\u00bboff\u00bb custom_width_percent=\u00bb100%\u00bb custom_padding=\u00bb0px|0px|0px|0px\u00bb custom_margin=\u00bb0px|0px|0px|0px\u00bb _builder_version=\u00bb3.19.15&#8243; module_alignment=\u00bbcenter\u00bb custom_css_main_element=\u00bbwidth: 100%;||max-width: 100%;\u00bb][et_pb_column type=\u00bb1_2&#8243; _builder_version=\u00bb3.0.47&#8243;][et_pb_image src=\u00bbhttps:\/\/www.digitalpa.net\/wp-content\/uploads\/supplier-support-italian-tender.jpg\u00bb _builder_version=\u00bb3.19.15&#8243;][\/et_pb_image][\/et_pb_column][et_pb_column type=\u00bb1_2&#8243; _builder_version=\u00bb3.0.47&#8243;][et_pb_image src=\u00bbhttps:\/\/www.digitalpa.net\/wp-content\/uploads\/italian-tenders-icon.jpg\u00bb _builder_version=\u00bb3.19.15&#8243; custom_margin=\u00bb5%||10px|\u00bb animation_style=\u00bbslide\u00bb animation_direction=\u00bbright\u00bb][\/et_pb_image][et_pb_text _builder_version=\u00bb3.19.15&#8243; max_width=\u00bb60%\u00bb max_width_tablet=\u00bb100%\u00bb max_width_last_edited=\u00bbon|phone\u00bb custom_margin=\u00bb0px|0px|0px|0px\u00bb custom_margin_tablet=\u00bb0px|20px|0px|20px\u00bb custom_margin_last_edited=\u00bbon|phone\u00bb custom_padding=\u00bb0px|0px|0px|0px\u00bb]<\/p>\n<h2><strong><span lang=\"EN-GB\">Apoyo a la participaci\u00f3n en los procedimientos italianos<\/span><\/strong><\/h2>\n<p>[\/et_pb_text][et_pb_divider color=\u00bb#0c71c3&#8243; divider_weight=\u00bb7&#8243; height=\u00bb13px\u00bb _builder_version=\u00bb3.19.15&#8243; max_width=\u00bb5%\u00bb max_width_tablet=\u00bb10%\u00bb max_width_last_edited=\u00bbon|tablet\u00bb module_alignment=\u00bbleft\u00bb custom_margin=\u00bb0px||0px|\u00bb custom_padding=\u00bb10px||10px|\u00bb custom_padding_tablet=\u00bb10px|45%|10px|45%\u00bb custom_padding_last_edited=\u00bbon|phone\u00bb saved_tabs=\u00bball\u00bb][\/et_pb_divider][et_pb_text _builder_version=\u00bb3.19.15&#8243; text_orientation=\u00bbjustified\u00bb max_width=\u00bb60%\u00bb max_width_tablet=\u00bb100%\u00bb max_width_last_edited=\u00bbon|phone\u00bb custom_margin=\u00bb0px|0px|0px|0px\u00bb custom_margin_tablet=\u00bb0px|20px|0px|20px\u00bb custom_margin_last_edited=\u00bbon|phone\u00bb custom_padding=\u00bb0px|0px|0px|0px\u00bb]<\/p>\n<p>El servicio de soporte a la participaci\u00f3n en licitaciones en Italia fue pensado por DigitalPA para todos los operadores econ\u00f3micos que deseen participar en\u00a0anuncios de licitaci\u00f3n italiana y trabajar con entes p\u00fablicos, pero no tienen un conocimiento profundo de la normativa y de los procedimientos para participar de una manera correcta y finalizar con \u00e9xito el proceso de licitaci\u00f3n.<\/p>\n<p><span lang=\"EN-GB\"> <\/span><\/p>\n<p>[\/et_pb_text][\/et_pb_column][\/et_pb_row][\/et_pb_section][et_pb_section fb_built=\u00bb1&#8243; prev_background_color=\u00bb#ffffff\u00bb next_background_color=\u00bb#e3e7eb\u00bb _builder_version=\u00bb3.19.15&#8243; background_color=\u00bb#0c71c3&#8243; use_background_color_gradient=\u00bbon\u00bb background_color_gradient_start=\u00bb#ffffff\u00bb background_color_gradient_end=\u00bb#e3e7eb\u00bb background_color_gradient_direction=\u00bb79deg\u00bb background_color_gradient_start_position=\u00bb56%\u00bb custom_padding=\u00bb0px||0px|\u00bb][et_pb_row _builder_version=\u00bb3.0.48&#8243; background_size=\u00bbinitial\u00bb background_position=\u00bbtop_left\u00bb background_repeat=\u00bbrepeat\u00bb][et_pb_column type=\u00bb4_4&#8243; _builder_version=\u00bb3.0.47&#8243;][et_pb_divider show_divider=\u00bboff\u00bb height=\u00bb20px\u00bb _builder_version=\u00bb3.19.15&#8243; max_width=\u00bb5%\u00bb module_alignment=\u00bbcenter\u00bb custom_margin=\u00bb0px|||\u00bb custom_padding=\u00bb0px|||\u00bb saved_tabs=\u00bball\u00bb][\/et_pb_divider][et_pb_text _builder_version=\u00bb3.19.15&#8243;]<\/p>\n<h2 style=\"text-align: center;\"><strong>Servicios propuestos para los proveedores no italianos<br \/><\/strong><\/h2>\n<p>[\/et_pb_text][et_pb_divider color=\u00bb#0c71c3&#8243; divider_weight=\u00bb7&#8243; height=\u00bb13px\u00bb _builder_version=\u00bb3.19.15&#8243; max_width=\u00bb5%\u00bb module_alignment=\u00bbcenter\u00bb custom_margin=\u00bb0px|||\u00bb custom_padding=\u00bb0px|||\u00bb saved_tabs=\u00bball\u00bb][\/et_pb_divider][\/et_pb_column][\/et_pb_row][et_pb_row make_equal=\u00bbon\u00bb _builder_version=\u00bb3.19.15&#8243;][et_pb_column type=\u00bb1_3&#8243; _builder_version=\u00bb3.0.47&#8243;][et_pb_blurb title=\u00bbComprobaci\u00f3n requisitos en el anuncio de licitaci\u00f3n\u00bb url_new_window=\u00bbon\u00bb image=\u00bbhttps:\/\/www.digitalpa.net\/wp-content\/uploads\/requirement-check.jpg\u00bb _builder_version=\u00bb3.19.15&#8243; header_level=\u00bbh3&#8243; header_font=\u00bb|700|||||||\u00bb header_text_align=\u00bbcenter\u00bb header_text_color=\u00bb#727272&#8243; background_color=\u00bb#ffffff\u00bb border_radii=\u00bbon|15px|15px|15px|15px\u00bb border_radii_image=\u00bbon|15px|15px|15px|15px\u00bb border_width_all_image=\u00bb9px\u00bb border_style_all_image=\u00bbnone\u00bb box_shadow_style=\u00bbpreset3&#8243; text_orientation=\u00bbcenter\u00bb custom_padding=\u00bb20px|20px|20px|20px\u00bb link_option_url_new_window=\u00bbon\u00bb][\/et_pb_blurb][et_pb_divider show_divider=\u00bboff\u00bb height=\u00bb20px\u00bb _builder_version=\u00bb3.19.15&#8243; max_width=\u00bb5%\u00bb module_alignment=\u00bbcenter\u00bb custom_margin=\u00bb0px|||\u00bb custom_padding=\u00bb0px|||\u00bb saved_tabs=\u00bball\u00bb][\/et_pb_divider][\/et_pb_column][et_pb_column type=\u00bb1_3&#8243; _builder_version=\u00bb3.0.47&#8243;][et_pb_blurb title=\u00bbRedacci\u00f3n o comprobaci\u00f3n de documentos administrativos y\/o de oferta\u00bb url_new_window=\u00bbon\u00bb image=\u00bbhttps:\/\/www.digitalpa.net\/wp-content\/uploads\/verification-doc-icon.jpg\u00bb _builder_version=\u00bb3.19.15&#8243; header_level=\u00bbh3&#8243; header_font=\u00bb|700|||||||\u00bb header_text_align=\u00bbcenter\u00bb header_text_color=\u00bb#727272&#8243; background_color=\u00bb#ffffff\u00bb border_radii=\u00bbon|15px|15px|15px|15px\u00bb border_radii_image=\u00bbon|15px|15px|15px|15px\u00bb border_width_all_image=\u00bb9px\u00bb border_style_all_image=\u00bbnone\u00bb box_shadow_style=\u00bbpreset3&#8243; text_orientation=\u00bbcenter\u00bb custom_padding=\u00bb20px|20px|20px|20px\u00bb link_option_url_new_window=\u00bbon\u00bb][\/et_pb_blurb][et_pb_divider show_divider=\u00bboff\u00bb height=\u00bb20px\u00bb _builder_version=\u00bb3.19.15&#8243; max_width=\u00bb5%\u00bb module_alignment=\u00bbcenter\u00bb custom_margin=\u00bb0px|||\u00bb custom_padding=\u00bb0px|||\u00bb saved_tabs=\u00bball\u00bb][\/et_pb_divider][\/et_pb_column][et_pb_column type=\u00bb1_3&#8243; _builder_version=\u00bb3.0.47&#8243;][et_pb_blurb title=\u00bbSoporte en la preparaci\u00f3n de cuestiones a enviar a la Entidad Adjudicadora\u00bb url_new_window=\u00bbon\u00bb image=\u00bbhttps:\/\/www.digitalpa.net\/wp-content\/uploads\/question-support-icon.jpg\u00bb _builder_version=\u00bb3.19.15&#8243; header_level=\u00bbh3&#8243; header_font=\u00bb|700|||||||\u00bb header_text_align=\u00bbcenter\u00bb header_text_color=\u00bb#727272&#8243; background_color=\u00bb#ffffff\u00bb border_radii=\u00bbon|15px|15px|15px|15px\u00bb border_radii_image=\u00bbon|15px|15px|15px|15px\u00bb border_width_all_image=\u00bb9px\u00bb border_style_all_image=\u00bbnone\u00bb box_shadow_style=\u00bbpreset3&#8243; text_orientation=\u00bbcenter\u00bb custom_padding=\u00bb20px|20px|20px|20px\u00bb link_option_url_new_window=\u00bbon\u00bb][\/et_pb_blurb][et_pb_divider show_divider=\u00bboff\u00bb height=\u00bb20px\u00bb _builder_version=\u00bb3.19.15&#8243; max_width=\u00bb5%\u00bb module_alignment=\u00bbcenter\u00bb custom_margin=\u00bb0px|||\u00bb custom_padding=\u00bb0px|||\u00bb saved_tabs=\u00bball\u00bb][\/et_pb_divider][\/et_pb_column][\/et_pb_row][\/et_pb_section][et_pb_section fb_built=\u00bb1&#8243; prev_background_color=\u00bb#0c71c3&#8243; next_background_color=\u00bb#ffffff\u00bb _builder_version=\u00bb3.19.15&#8243; background_color=\u00bb#e3e7eb\u00bb custom_padding=\u00bb0px||0px|\u00bb][et_pb_row _builder_version=\u00bb3.0.48&#8243; background_size=\u00bbinitial\u00bb background_position=\u00bbtop_left\u00bb background_repeat=\u00bbrepeat\u00bb][et_pb_column type=\u00bb4_4&#8243; _builder_version=\u00bb3.0.47&#8243;][et_pb_blurb title=\u00bbCont\u00e1ctenos\u00bb url=\u00bb\/contactos\/?lang=es\u00bb use_icon=\u00bbon\u00bb font_icon=\u00bb%%109%%\u00bb use_icon_font_size=\u00bbon\u00bb icon_font_size=\u00bb40px\u00bb _builder_version=\u00bb3.19.15&#8243; header_level=\u00bbh2&#8243; header_font=\u00bbRoboto|700|||||||\u00bb header_text_align=\u00bbcenter\u00bb text_orientation=\u00bbcenter\u00bb link_option_url=\u00bb\/contactos\/?lang=es\u00bb]<\/p>\n<p>Cont\u00e1ctenos para m\u00e1s informaci\u00f3n acerca de nuestros servicios profesionales dedicados a los proveedores y a la Administraci\u00f3n P\u00fablica.<\/p>\n<p>[\/et_pb_blurb][\/et_pb_column][\/et_pb_row][et_pb_row _builder_version=\u00bb3.0.48&#8243; background_size=\u00bbinitial\u00bb background_position=\u00bbtop_left\u00bb background_repeat=\u00bbrepeat\u00bb][et_pb_column type=\u00bb4_4&#8243; _builder_version=\u00bb3.0.47&#8243;][et_pb_button button_url=\u00bb\/contactos\/?lang=es\u00bb button_text=\u00bbSolicite una cotizaci\u00f3n\u00bb button_alignment=\u00bbcenter\u00bb _builder_version=\u00bb3.19.15&#8243; custom_button=\u00bbon\u00bb button_text_size=\u00bb15&#8243; button_text_color=\u00bb#f4f4f4&#8243; button_bg_color=\u00bb#5a0400&#8243; button_bg_use_color_gradient=\u00bbon\u00bb button_bg_color_gradient_start=\u00bb#00314e\u00bb button_bg_color_gradient_end=\u00bbrgba(2,64,114,0.93)\u00bb button_border_width=\u00bb0&#8243; button_border_radius=\u00bb10&#8243; button_font=\u00bb|700||on|||||\u00bb button_use_icon=\u00bboff\u00bb custom_margin=\u00bb0px||10px|\u00bb custom_padding=\u00bb10px|20px|10px|20px\u00bb animation_style=\u00bbzoom\u00bb saved_tabs=\u00bball\u00bb][\/et_pb_button][\/et_pb_column][\/et_pb_row][\/et_pb_section][et_pb_section fb_built=\u00bb1&#8243; prev_background_color=\u00bb#e3e7eb\u00bb _builder_version=\u00bb3.19&#8243;][et_pb_row make_fullwidth=\u00bbon\u00bb _builder_version=\u00bb3.19.15&#8243; background_size=\u00bbinitial\u00bb background_position=\u00bbtop_left\u00bb background_repeat=\u00bbrepeat\u00bb][et_pb_column type=\u00bb4_4&#8243; _builder_version=\u00bb3.0.47&#8243;][et_pb_button button_url=\u00bb\/gdpr-consulta\/?lang=es\u00bb button_text=\u00bbIr a GDPR Consulta\u00bb button_alignment=\u00bbright\u00bb _builder_version=\u00bb3.19.15&#8243; custom_button=\u00bbon\u00bb button_text_size=\u00bb14&#8243; button_text_color=\u00bb#0c364f\u00bb button_border_color=\u00bb#0c364f\u00bb button_font=\u00bb|700||on|||||\u00bb button_icon=\u00bb%%20%%\u00bb button_icon_color=\u00bb#0c364f\u00bb animation_style=\u00bbslide\u00bb animation_direction=\u00bbright\u00bb animation_duration=\u00bb1500ms\u00bb animation_intensity_slide=\u00bb69%\u00bb saved_tabs=\u00bball\u00bb][\/et_pb_button][\/et_pb_column][\/et_pb_row][\/et_pb_section]<\/p>\n","protected":false},"excerpt":{"rendered":"<p>Apoyo a la participaci\u00f3n en los procedimientos italianos La normativa italiana en materia de contrataci\u00f3n, a pesar de estar en l\u00ednea con las directivas europeas, presenta diferencias importantes de procedimiento en t\u00e9rminos de requisitos que pueden confundir a quienes no est\u00e1n muy familiarizados o no hayan trabajado nunca con una administraci\u00f3n p\u00fablica en Italia. Apoyo [&hellip;]<\/p>\n","protected":false},"author":4,"featured_media":0,"parent":0,"menu_order":0,"comment_status":"closed","ping_status":"closed","template":"","meta":{"_et_pb_use_builder":"on","_et_pb_old_content":"<p>The establishment of the Register of Suppliers is a complex process that requires care and attention in defining the registration requirements, in order to get a list that is as effective as possible.<\/p><p>The following services can be integrated or optionally requested (depending on the version of the software license in use) and they are available only to customers who use the DigitalPA telematic register software:<\/p><p><strong>Support for the management of the Register of Suppliers<\/strong><\/p><ul><li><strong>General advice<\/strong> on the type of Suppliers Lists that can be activated<\/li><li>Support in the choice of the <strong>product categories<\/strong><\/li><li><strong>Specialized support and consultancy<\/strong> in editing the customised forms and in the choice of mandatory and optional request fields<\/li><li>Specialized advice on the equal rotation system for invitations<\/li><li>General advice about the correct management of the lists of suppliers<\/li><li>Training and supplementary support<\/li><\/ul><p>If the customer has already defined the registration requirements and wants to make sure that they comply with the telematic platform, DigitalPA provides a service of analysis of the customer's Regulation. The service includes:<\/p><p><strong>Analysis of the Regulation of the Register of Suppliers<\/strong><\/p><ul><li><strong>Analysis of the Regulation<\/strong> and\/or of the registration requirements;<\/li><li>Designing the process of registration of suppliers in accordance with the Regulation;<\/li><li>Evaluation of timing and costs of the changes to be implemented following the analysis.<\/li><\/ul><p style=\"text-align: center;\"><strong>Send a request for further information<\/strong><\/p>","_et_gb_content_width":"","footnotes":""},"class_list":["post-2163","page","type-page","status-publish","hentry"],"yoast_head":"<!-- This site is optimized with the Yoast SEO plugin v27.1.1 - https:\/\/yoast.com\/product\/yoast-seo-wordpress\/ -->\n<title>Apoyo a la participaci\u00f3n en los procedimientos italianos - DigitalPA<\/title>\n<meta name=\"description\" content=\"El servicio de soporte a la participaci\u00f3n en licitaciones en Italia fue pensado por DigitalPA para todos los operadores econ\u00f3micos\" \/>\n<meta name=\"robots\" content=\"index, follow, max-snippet:-1, max-image-preview:large, max-video-preview:-1\" \/>\n<link rel=\"canonical\" href=\"https:\/\/www.digitalpa.net\/es\/apoyo-participation-procedimientos-italianos\/\" \/>\n<meta property=\"og:locale\" content=\"es_ES\" \/>\n<meta property=\"og:type\" content=\"article\" \/>\n<meta property=\"og:title\" content=\"Apoyo a la participaci\u00f3n en los procedimientos italianos - DigitalPA\" \/>\n<meta property=\"og:description\" content=\"El servicio de soporte a la participaci\u00f3n en licitaciones en Italia fue pensado por DigitalPA para todos los operadores econ\u00f3micos\" \/>\n<meta property=\"og:url\" content=\"https:\/\/www.digitalpa.net\/es\/apoyo-participation-procedimientos-italianos\/\" \/>\n<meta property=\"og:site_name\" content=\"DigitalPA\" \/>\n<meta property=\"article:modified_time\" content=\"2022-02-22T13:40:33+00:00\" \/>\n<meta name=\"twitter:card\" content=\"summary_large_image\" \/>\n<meta name=\"twitter:label1\" content=\"Tiempo de lectura\" \/>\n\t<meta name=\"twitter:data1\" content=\"7 minutos\" \/>\n<script type=\"application\/ld+json\" class=\"yoast-schema-graph\">{\"@context\":\"https:\/\/schema.org\",\"@graph\":[{\"@type\":\"WebPage\",\"@id\":\"https:\/\/www.digitalpa.net\/es\/apoyo-participation-procedimientos-italianos\/\",\"url\":\"https:\/\/www.digitalpa.net\/es\/apoyo-participation-procedimientos-italianos\/\",\"name\":\"Apoyo a la participaci\u00f3n en los procedimientos italianos - DigitalPA\",\"isPartOf\":{\"@id\":\"https:\/\/www.digitalpa.net\/en\/#website\"},\"datePublished\":\"2019-10-16T14:07:59+00:00\",\"dateModified\":\"2022-02-22T13:40:33+00:00\",\"description\":\"El servicio de soporte a la participaci\u00f3n en licitaciones en Italia fue pensado por DigitalPA para todos los operadores econ\u00f3micos\",\"breadcrumb\":{\"@id\":\"https:\/\/www.digitalpa.net\/es\/apoyo-participation-procedimientos-italianos\/#breadcrumb\"},\"inLanguage\":\"es\",\"potentialAction\":[{\"@type\":\"ReadAction\",\"target\":[\"https:\/\/www.digitalpa.net\/es\/apoyo-participation-procedimientos-italianos\/\"]}]},{\"@type\":\"BreadcrumbList\",\"@id\":\"https:\/\/www.digitalpa.net\/es\/apoyo-participation-procedimientos-italianos\/#breadcrumb\",\"itemListElement\":[{\"@type\":\"ListItem\",\"position\":1,\"name\":\"Home\",\"item\":\"https:\/\/www.digitalpa.net\/en\/\"},{\"@type\":\"ListItem\",\"position\":2,\"name\":\"Apoyo a la participaci\u00f3n en los procedimientos italianos\"}]},{\"@type\":\"WebSite\",\"@id\":\"https:\/\/www.digitalpa.net\/en\/#website\",\"url\":\"https:\/\/www.digitalpa.net\/en\/\",\"name\":\"DigitalPA\",\"description\":\"Software &amp; Services for Public Authorities and Companies\",\"publisher\":{\"@id\":\"https:\/\/www.digitalpa.net\/en\/#organization\"},\"potentialAction\":[{\"@type\":\"SearchAction\",\"target\":{\"@type\":\"EntryPoint\",\"urlTemplate\":\"https:\/\/www.digitalpa.net\/en\/?s={search_term_string}\"},\"query-input\":{\"@type\":\"PropertyValueSpecification\",\"valueRequired\":true,\"valueName\":\"search_term_string\"}}],\"inLanguage\":\"es\"},{\"@type\":\"Organization\",\"@id\":\"https:\/\/www.digitalpa.net\/en\/#organization\",\"name\":\"DigitalPA\",\"url\":\"https:\/\/www.digitalpa.net\/en\/\",\"logo\":{\"@type\":\"ImageObject\",\"inLanguage\":\"es\",\"@id\":\"https:\/\/www.digitalpa.net\/en\/#\/schema\/logo\/image\/\",\"url\":\"https:\/\/www.digitalpa.net\/wp-content\/uploads\/logo-digitalpa-blu-rosso-orizzontale.jpg\",\"contentUrl\":\"https:\/\/www.digitalpa.net\/wp-content\/uploads\/logo-digitalpa-blu-rosso-orizzontale.jpg\",\"width\":249,\"height\":37,\"caption\":\"DigitalPA\"},\"image\":{\"@id\":\"https:\/\/www.digitalpa.net\/en\/#\/schema\/logo\/image\/\"}}]}<\/script>\n<!-- \/ Yoast SEO plugin. -->","yoast_head_json":{"title":"Apoyo a la participaci\u00f3n en los procedimientos italianos - DigitalPA","description":"El servicio de soporte a la participaci\u00f3n en licitaciones en Italia fue pensado por DigitalPA para todos los operadores econ\u00f3micos","robots":{"index":"index","follow":"follow","max-snippet":"max-snippet:-1","max-image-preview":"max-image-preview:large","max-video-preview":"max-video-preview:-1"},"canonical":"https:\/\/www.digitalpa.net\/es\/apoyo-participation-procedimientos-italianos\/","og_locale":"es_ES","og_type":"article","og_title":"Apoyo a la participaci\u00f3n en los procedimientos italianos - DigitalPA","og_description":"El servicio de soporte a la participaci\u00f3n en licitaciones en Italia fue pensado por DigitalPA para todos los operadores econ\u00f3micos","og_url":"https:\/\/www.digitalpa.net\/es\/apoyo-participation-procedimientos-italianos\/","og_site_name":"DigitalPA","article_modified_time":"2022-02-22T13:40:33+00:00","twitter_card":"summary_large_image","twitter_misc":{"Tiempo de lectura":"7 minutos"},"schema":{"@context":"https:\/\/schema.org","@graph":[{"@type":"WebPage","@id":"https:\/\/www.digitalpa.net\/es\/apoyo-participation-procedimientos-italianos\/","url":"https:\/\/www.digitalpa.net\/es\/apoyo-participation-procedimientos-italianos\/","name":"Apoyo a la participaci\u00f3n en los procedimientos italianos - DigitalPA","isPartOf":{"@id":"https:\/\/www.digitalpa.net\/en\/#website"},"datePublished":"2019-10-16T14:07:59+00:00","dateModified":"2022-02-22T13:40:33+00:00","description":"El servicio de soporte a la participaci\u00f3n en licitaciones en Italia fue pensado por DigitalPA para todos los operadores econ\u00f3micos","breadcrumb":{"@id":"https:\/\/www.digitalpa.net\/es\/apoyo-participation-procedimientos-italianos\/#breadcrumb"},"inLanguage":"es","potentialAction":[{"@type":"ReadAction","target":["https:\/\/www.digitalpa.net\/es\/apoyo-participation-procedimientos-italianos\/"]}]},{"@type":"BreadcrumbList","@id":"https:\/\/www.digitalpa.net\/es\/apoyo-participation-procedimientos-italianos\/#breadcrumb","itemListElement":[{"@type":"ListItem","position":1,"name":"Home","item":"https:\/\/www.digitalpa.net\/en\/"},{"@type":"ListItem","position":2,"name":"Apoyo a la participaci\u00f3n en los procedimientos italianos"}]},{"@type":"WebSite","@id":"https:\/\/www.digitalpa.net\/en\/#website","url":"https:\/\/www.digitalpa.net\/en\/","name":"DigitalPA","description":"Software &amp; Services for Public Authorities and Companies","publisher":{"@id":"https:\/\/www.digitalpa.net\/en\/#organization"},"potentialAction":[{"@type":"SearchAction","target":{"@type":"EntryPoint","urlTemplate":"https:\/\/www.digitalpa.net\/en\/?s={search_term_string}"},"query-input":{"@type":"PropertyValueSpecification","valueRequired":true,"valueName":"search_term_string"}}],"inLanguage":"es"},{"@type":"Organization","@id":"https:\/\/www.digitalpa.net\/en\/#organization","name":"DigitalPA","url":"https:\/\/www.digitalpa.net\/en\/","logo":{"@type":"ImageObject","inLanguage":"es","@id":"https:\/\/www.digitalpa.net\/en\/#\/schema\/logo\/image\/","url":"https:\/\/www.digitalpa.net\/wp-content\/uploads\/logo-digitalpa-blu-rosso-orizzontale.jpg","contentUrl":"https:\/\/www.digitalpa.net\/wp-content\/uploads\/logo-digitalpa-blu-rosso-orizzontale.jpg","width":249,"height":37,"caption":"DigitalPA"},"image":{"@id":"https:\/\/www.digitalpa.net\/en\/#\/schema\/logo\/image\/"}}]}},"_links":{"self":[{"href":"https:\/\/www.digitalpa.net\/es\/wp-json\/wp\/v2\/pages\/2163","targetHints":{"allow":["GET"]}}],"collection":[{"href":"https:\/\/www.digitalpa.net\/es\/wp-json\/wp\/v2\/pages"}],"about":[{"href":"https:\/\/www.digitalpa.net\/es\/wp-json\/wp\/v2\/types\/page"}],"author":[{"embeddable":true,"href":"https:\/\/www.digitalpa.net\/es\/wp-json\/wp\/v2\/users\/4"}],"replies":[{"embeddable":true,"href":"https:\/\/www.digitalpa.net\/es\/wp-json\/wp\/v2\/comments?post=2163"}],"version-history":[{"count":14,"href":"https:\/\/www.digitalpa.net\/es\/wp-json\/wp\/v2\/pages\/2163\/revisions"}],"predecessor-version":[{"id":3605,"href":"https:\/\/www.digitalpa.net\/es\/wp-json\/wp\/v2\/pages\/2163\/revisions\/3605"}],"wp:attachment":[{"href":"https:\/\/www.digitalpa.net\/es\/wp-json\/wp\/v2\/media?parent=2163"}],"curies":[{"name":"wp","href":"https:\/\/api.w.org\/{rel}","templated":true}]}}