{"id":2120,"date":"2019-10-16T11:32:18","date_gmt":"2019-10-16T11:32:18","guid":{"rendered":"https:\/\/www.digitalpa.net\/?page_id=2120"},"modified":"2022-06-08T14:02:08","modified_gmt":"2022-06-08T14:02:08","slug":"copyright","status":"publish","type":"page","link":"https:\/\/www.digitalpa.net\/es\/copyright\/","title":{"rendered":"Confidencialidad de los datos y Copyright"},"content":{"rendered":"<p>[et_pb_section fb_built=\u00bb1&#8243; _builder_version=\u00bb3.22&#8243; background_color=\u00bb#0c71c3&#8243; background_image=\u00bbhttps:\/\/www.digitalpa.net\/wp-content\/uploads\/copyright-data-security-digitalpa.jpg\u00bb background_position=\u00bbbottom_center\u00bb filter_saturate=\u00bb162%\u00bb filter_brightness=\u00bb94%\u00bb filter_opacity=\u00bb88%\u00bb global_colors_info=\u00bb{}\u00bb][et_pb_row _builder_version=\u00bb3.25&#8243; global_colors_info=\u00bb{}\u00bb][et_pb_column type=\u00bb4_4&#8243; _builder_version=\u00bb3.25&#8243; custom_padding=\u00bb|||\u00bb global_colors_info=\u00bb{}\u00bb custom_padding__hover=\u00bb|||\u00bb][et_pb_text _builder_version=\u00bb3.27.4&#8243; text_font=\u00bb|600|||||||\u00bb header_font=\u00bb|700|||||||\u00bb header_font_size=\u00bb40px\u00bb background_layout=\u00bbdark\u00bb text_text_shadow_style=\u00bbpreset2&#8243; header_text_shadow_style=\u00bbpreset2&#8243; global_colors_info=\u00bb{}\u00bb]<\/p>\n<h1 style=\"text-align: center;\">Confidencialidad de los datos y Copyright<\/h1>\n<p>[\/et_pb_text][et_pb_text _builder_version=\u00bb3.27.4&#8243; header_font=\u00bb|700|||||||\u00bb header_font_size=\u00bb50px\u00bb text_orientation=\u00bbjustified\u00bb background_layout=\u00bbdark\u00bb max_width=\u00bb50%\u00bb max_width_tablet=\u00bb100%\u00bb max_width_phone=\u00bb\u00bb max_width_last_edited=\u00bbon|tablet\u00bb global_colors_info=\u00bb{}\u00bb]<\/p>\n<h3><span lang=\"EN-GB\">La seguridad de la informaci\u00f3n es un aspecto clave de las subastas en l\u00ednea <\/span><\/h3>\n<p><span style=\"color: #ffffff;\"><a style=\"color: #ffffff;\" href=\"\/contratacion-en-linea\/?lang=es\">Online Procurement<\/a> <\/span>es el \u00fanico software que garantiza la confidencialidad de los datos en todas las fases de la gesti\u00f3n de la subasta.<br \/>\n[\/et_pb_text][\/et_pb_column][\/et_pb_row][\/et_pb_section][et_pb_section fb_built=\u00bb1&#8243; _builder_version=\u00bb3.22&#8243; custom_margin=\u00bb0px|0px|0px|0px\u00bb custom_padding=\u00bb0px|0px|0px|0px\u00bb global_colors_info=\u00bb{}\u00bb][et_pb_row column_structure=\u00bb2_5,3_5&#8243; _builder_version=\u00bb3.25&#8243; width=\u00bb100%\u00bb max_width=\u00bb100%\u00bb custom_padding=\u00bb0px||0px|\u00bb make_fullwidth=\u00bbon\u00bb use_custom_width=\u00bbon\u00bb width_unit=\u00bboff\u00bb custom_width_percent=\u00bb100%\u00bb global_colors_info=\u00bb{}\u00bb][et_pb_column type=\u00bb2_5&#8243; _builder_version=\u00bb3.25&#8243; custom_padding=\u00bb|||\u00bb global_colors_info=\u00bb{}\u00bb custom_padding__hover=\u00bb|||\u00bb][et_pb_image src=\u00bbhttps:\/\/www.digitalpa.net\/wp-content\/uploads\/information-security-copyright-4.jpg\u00bb align_tablet=\u00bbcenter\u00bb align_phone=\u00bbcenter\u00bb align_last_edited=\u00bbon|desktop\u00bb _builder_version=\u00bb3.23&#8243; global_colors_info=\u00bb{}\u00bb][\/et_pb_image][\/et_pb_column][et_pb_column type=\u00bb3_5&#8243; _builder_version=\u00bb3.25&#8243; custom_padding=\u00bb|||\u00bb global_colors_info=\u00bb{}\u00bb custom_padding__hover=\u00bb|||\u00bb][et_pb_text _builder_version=\u00bb3.27.4&#8243; custom_margin=\u00bb0px|0px|1%|0px\u00bb custom_margin_tablet=\u00bb0px|20px|1%|20px\u00bb custom_margin_phone=\u00bb\u00bb custom_margin_last_edited=\u00bbon|desktop\u00bb custom_padding=\u00bb8%|0px|0px|0px\u00bb global_colors_info=\u00bb{}\u00bb]<\/p>\n<h3>Participaci\u00f3n telem\u00e1tica en los procedimientos de licitaci\u00f3n e \u00abInviolabilidad de la oferta telem\u00e1tica \u00a9\u00bb<\/em><\/h3>\n<p>[\/et_pb_text][et_pb_divider color=\u00bb#0a6cb8&#8243; divider_weight=\u00bb7&#8243; _builder_version=\u00bb3.19.15&#8243; max_width=\u00bb5%\u00bb max_width_tablet=\u00bb10%\u00bb max_width_phone=\u00bb\u00bb max_width_last_edited=\u00bbon|phone\u00bb module_alignment=\u00bbleft\u00bb height=\u00bb13px\u00bb custom_margin=\u00bb0px||2%|\u00bb custom_margin_tablet=\u00bb0px|20px|2%|20px\u00bb custom_margin_phone=\u00bb\u00bb custom_margin_last_edited=\u00bbon|phone\u00bb custom_padding=\u00bb0px|||\u00bb custom_padding_tablet=\u00bb0px|20px||20px\u00bb custom_padding_phone=\u00bb\u00bb custom_padding_last_edited=\u00bbon|phone\u00bb saved_tabs=\u00bball\u00bb global_colors_info=\u00bb{}\u00bb][\/et_pb_divider][et_pb_text _builder_version=\u00bb3.27.4&#8243; text_orientation=\u00bbjustified\u00bb max_width=\u00bb80%\u00bb max_width_tablet=\u00bb100%\u00bb max_width_phone=\u00bb\u00bb max_width_last_edited=\u00bbon|tablet\u00bb custom_padding=\u00bb0px|70px||0px\u00bb custom_padding_tablet=\u00bb0px|20px||20px\u00bb custom_padding_phone=\u00bb\u00bb custom_padding_last_edited=\u00bbon|phone\u00bb global_colors_info=\u00bb{}\u00bb]<\/p>\n<p>Las etapas de la licitaci\u00f3n siguen una secuencia temporal que proporciona una garant\u00eda de participaci\u00f3n adecuada, la inviolabilidad y la confidencialidad de las ofertas.<\/p>\n<p>El c\u00e1lculo de la huella digital del archivo (Hash*) de cada documento exclusivamente en el interior del terminal del oferente a trav\u00e9s de un software propietario y el posterior env\u00edo por correo electr\u00f3nico de la recepci\u00f3n de participaci\u00f3n, que contiene el de los archivos y el correspondiente Hash, garantizan la inviolabilidad y la inmutabilidad de los documentos cargados en el sistema.<\/p>\n<blockquote>\n<p><em>*El hash SHA-256 (usado para la criptograf\u00eda de las firmas digitales) se calcula con un algoritmo que genera una cadena que identifica un\u00edvocamente el documento digital (ADN del archivo). Esta cadena se obtiene analizando el contenido del documento e identifica un\u00edvocamente el archivo.<\/em><\/p>\n<\/blockquote>\n<p>[\/et_pb_text][\/et_pb_column][\/et_pb_row][\/et_pb_section][et_pb_section fb_built=\u00bb1&#8243; _builder_version=\u00bb3.22&#8243; background_color=\u00bb#e5e5e5&#8243; custom_margin=\u00bb0px||0px|\u00bb custom_padding=\u00bb0px||0px|\u00bb global_colors_info=\u00bb{}\u00bb][et_pb_row _builder_version=\u00bb3.25&#8243; background_size=\u00bbinitial\u00bb background_position=\u00bbtop_left\u00bb background_repeat=\u00bbrepeat\u00bb global_colors_info=\u00bb{}\u00bb][et_pb_column type=\u00bb4_4&#8243; _builder_version=\u00bb3.25&#8243; custom_padding=\u00bb|||\u00bb global_colors_info=\u00bb{}\u00bb custom_padding__hover=\u00bb|||\u00bb][et_pb_cta title=\u00bb100% aprovisionamiento seguro\u00bb button_url=\u00bb\/contratacion-en-linea\/?lang=es\u00bb _builder_version=\u00bb4.13.0&#8243; header_level=\u00bbh1&#8243; header_font=\u00bb|700|||||||\u00bb header_text_align=\u00bbcenter\u00bb body_text_align=\u00bbcenter\u00bb use_background_color=\u00bboff\u00bb button_icon=\u00bb&#xe010;||divi||400&#8243; button_alignment=\u00bbcenter\u00bb background_layout=\u00bblight\u00bb link_option_url=\u00bb\/online-tender\/\u00bb global_colors_info=\u00bb{}\u00bb]<\/p>\n<p>Descubra <span lang=\"es\" tabindex=\"0\">m\u00e1s<\/span> acerca Online e-Procurement programa.<b class=\"b4\"><br \/><\/b><\/p>\n<p>[\/et_pb_cta][et_pb_button button_url=\u00bb\/contactos\/?lang=es\u00bb button_text=\u00bbCont\u00e1ctenos\u00bb button_alignment=\u00bbcenter\u00bb _builder_version=\u00bb4.13.0&#8243; custom_button=\u00bbon\u00bb button_text_size=\u00bb12&#8243; button_bg_use_color_gradient=\u00bbon\u00bb button_bg_color_gradient_start=\u00bb#0c364f\u00bb button_bg_color_gradient_end=\u00bb#004a7f\u00bb button_border_width=\u00bb0&#8243; button_border_radius=\u00bb10&#8243; button_font=\u00bb|600||on|||||\u00bb button_use_icon=\u00bboff\u00bb background_layout=\u00bbdark\u00bb custom_margin=\u00bb0px|||\u00bb custom_padding=\u00bb10px|20px|10px|20px\u00bb saved_tabs=\u00bball\u00bb global_colors_info=\u00bb{}\u00bb][\/et_pb_button][\/et_pb_column][\/et_pb_row][\/et_pb_section]<\/p>\n","protected":false},"excerpt":{"rendered":"<p>Confidencialidad de los datos y Copyright La seguridad de la informaci\u00f3n es un aspecto clave de las subastas en l\u00ednea Online Procurement es el \u00fanico software que garantiza la confidencialidad de los datos en todas las fases de la gesti\u00f3n de la subasta. Participaci\u00f3n telem\u00e1tica en los procedimientos de licitaci\u00f3n e \u00abInviolabilidad de la oferta [&hellip;]<\/p>\n","protected":false},"author":4,"featured_media":0,"parent":0,"menu_order":0,"comment_status":"closed","ping_status":"closed","template":"","meta":{"_et_pb_use_builder":"on","_et_pb_old_content":"<p>DigitalPA has obtained the certification from the Italian and international Certification Bodies (SIAE and Washington's Copyright Office) for the procedure of \u201cInviolability of the telematic offer \u00a9\u201d.<\/p><p>The secrecy of the telematic offer is the most sensitive aspect of an online tendering procedure. DigitalPA has obtained the certification for the software and the procedure that guarantees the absolute inviolability of the offer from the highest qualified Certification Bodies.<\/p><p>Online tender participation and \"Inviolability of the telematic offer \u00a9\":<\/p><p>The steps of the participation to a telematic tender follow a chronological sequence that guarantees the exact participation, the inviolability and the secrecy of the offers.<\/p><p>The tool for the calculation of the fingerprint of the file (Hash*) provides absolute certainty of the inviolability of each document: the calculation is made exclusively inside the terminal of the bidder, using a proprietary software and then sending via certified e-mail the receipt of participation, that contains the details of the files and the corresponding hash.<\/p><p>For further caution, the calculated Hash is transmitted to the bidder via certified e-mail in order to make impossible any substitution of the offer by the bidder or following a internal (system administrators) or external (hackers) breach of the server.<\/p><p>* The SHA-256 Hash (used in the encryption of digital signatures) is calculated with an algorithm that generates a string that identifies the digital document uniquely (DNA of the file). The string is obtained through the analysis of the contents of the document and uniquely identifies the file.<\/p>","_et_gb_content_width":"","footnotes":""},"class_list":["post-2120","page","type-page","status-publish","hentry"],"yoast_head":"<!-- This site is optimized with the Yoast SEO plugin v27.1.1 - https:\/\/yoast.com\/product\/yoast-seo-wordpress\/ -->\n<title>Confidencialidad de los datos y Copyright - DigitalPA<\/title>\n<meta name=\"description\" content=\"eProcurement | Participaci\u00f3n telem\u00e1tica en los procedimientos de licitaci\u00f3n e \u00abInviolabilidad de la oferta telem\u00e1tica \u00a9\" \/>\n<meta name=\"robots\" content=\"index, follow, max-snippet:-1, max-image-preview:large, max-video-preview:-1\" \/>\n<link rel=\"canonical\" href=\"https:\/\/www.digitalpa.net\/es\/copyright\/\" \/>\n<meta property=\"og:locale\" content=\"es_ES\" \/>\n<meta property=\"og:type\" content=\"article\" \/>\n<meta property=\"og:title\" content=\"Confidencialidad de los datos y Copyright - DigitalPA\" \/>\n<meta property=\"og:description\" content=\"eProcurement | Participaci\u00f3n telem\u00e1tica en los procedimientos de licitaci\u00f3n e \u00abInviolabilidad de la oferta telem\u00e1tica \u00a9\" \/>\n<meta property=\"og:url\" content=\"https:\/\/www.digitalpa.net\/es\/copyright\/\" \/>\n<meta property=\"og:site_name\" content=\"DigitalPA\" \/>\n<meta property=\"article:modified_time\" content=\"2022-06-08T14:02:08+00:00\" \/>\n<meta name=\"twitter:card\" content=\"summary_large_image\" \/>\n<meta name=\"twitter:label1\" content=\"Tiempo de lectura\" \/>\n\t<meta name=\"twitter:data1\" content=\"4 minutos\" \/>\n<script type=\"application\/ld+json\" class=\"yoast-schema-graph\">{\"@context\":\"https:\/\/schema.org\",\"@graph\":[{\"@type\":\"WebPage\",\"@id\":\"https:\/\/www.digitalpa.net\/es\/copyright\/\",\"url\":\"https:\/\/www.digitalpa.net\/es\/copyright\/\",\"name\":\"Confidencialidad de los datos y Copyright - DigitalPA\",\"isPartOf\":{\"@id\":\"https:\/\/www.digitalpa.net\/en\/#website\"},\"datePublished\":\"2019-10-16T11:32:18+00:00\",\"dateModified\":\"2022-06-08T14:02:08+00:00\",\"description\":\"eProcurement | Participaci\u00f3n telem\u00e1tica en los procedimientos de licitaci\u00f3n e \u00abInviolabilidad de la oferta telem\u00e1tica \u00a9\",\"breadcrumb\":{\"@id\":\"https:\/\/www.digitalpa.net\/es\/copyright\/#breadcrumb\"},\"inLanguage\":\"es\",\"potentialAction\":[{\"@type\":\"ReadAction\",\"target\":[\"https:\/\/www.digitalpa.net\/es\/copyright\/\"]}]},{\"@type\":\"BreadcrumbList\",\"@id\":\"https:\/\/www.digitalpa.net\/es\/copyright\/#breadcrumb\",\"itemListElement\":[{\"@type\":\"ListItem\",\"position\":1,\"name\":\"Home\",\"item\":\"https:\/\/www.digitalpa.net\/en\/\"},{\"@type\":\"ListItem\",\"position\":2,\"name\":\"Confidencialidad de los datos y Copyright\"}]},{\"@type\":\"WebSite\",\"@id\":\"https:\/\/www.digitalpa.net\/en\/#website\",\"url\":\"https:\/\/www.digitalpa.net\/en\/\",\"name\":\"DigitalPA\",\"description\":\"Software &amp; Services for Public Authorities and Companies\",\"publisher\":{\"@id\":\"https:\/\/www.digitalpa.net\/en\/#organization\"},\"potentialAction\":[{\"@type\":\"SearchAction\",\"target\":{\"@type\":\"EntryPoint\",\"urlTemplate\":\"https:\/\/www.digitalpa.net\/en\/?s={search_term_string}\"},\"query-input\":{\"@type\":\"PropertyValueSpecification\",\"valueRequired\":true,\"valueName\":\"search_term_string\"}}],\"inLanguage\":\"es\"},{\"@type\":\"Organization\",\"@id\":\"https:\/\/www.digitalpa.net\/en\/#organization\",\"name\":\"DigitalPA\",\"url\":\"https:\/\/www.digitalpa.net\/en\/\",\"logo\":{\"@type\":\"ImageObject\",\"inLanguage\":\"es\",\"@id\":\"https:\/\/www.digitalpa.net\/en\/#\/schema\/logo\/image\/\",\"url\":\"https:\/\/www.digitalpa.net\/wp-content\/uploads\/logo-digitalpa-blu-rosso-orizzontale.jpg\",\"contentUrl\":\"https:\/\/www.digitalpa.net\/wp-content\/uploads\/logo-digitalpa-blu-rosso-orizzontale.jpg\",\"width\":249,\"height\":37,\"caption\":\"DigitalPA\"},\"image\":{\"@id\":\"https:\/\/www.digitalpa.net\/en\/#\/schema\/logo\/image\/\"}}]}<\/script>\n<!-- \/ Yoast SEO plugin. -->","yoast_head_json":{"title":"Confidencialidad de los datos y Copyright - DigitalPA","description":"eProcurement | Participaci\u00f3n telem\u00e1tica en los procedimientos de licitaci\u00f3n e \u00abInviolabilidad de la oferta telem\u00e1tica \u00a9","robots":{"index":"index","follow":"follow","max-snippet":"max-snippet:-1","max-image-preview":"max-image-preview:large","max-video-preview":"max-video-preview:-1"},"canonical":"https:\/\/www.digitalpa.net\/es\/copyright\/","og_locale":"es_ES","og_type":"article","og_title":"Confidencialidad de los datos y Copyright - DigitalPA","og_description":"eProcurement | Participaci\u00f3n telem\u00e1tica en los procedimientos de licitaci\u00f3n e \u00abInviolabilidad de la oferta telem\u00e1tica \u00a9","og_url":"https:\/\/www.digitalpa.net\/es\/copyright\/","og_site_name":"DigitalPA","article_modified_time":"2022-06-08T14:02:08+00:00","twitter_card":"summary_large_image","twitter_misc":{"Tiempo de lectura":"4 minutos"},"schema":{"@context":"https:\/\/schema.org","@graph":[{"@type":"WebPage","@id":"https:\/\/www.digitalpa.net\/es\/copyright\/","url":"https:\/\/www.digitalpa.net\/es\/copyright\/","name":"Confidencialidad de los datos y Copyright - DigitalPA","isPartOf":{"@id":"https:\/\/www.digitalpa.net\/en\/#website"},"datePublished":"2019-10-16T11:32:18+00:00","dateModified":"2022-06-08T14:02:08+00:00","description":"eProcurement | Participaci\u00f3n telem\u00e1tica en los procedimientos de licitaci\u00f3n e \u00abInviolabilidad de la oferta telem\u00e1tica \u00a9","breadcrumb":{"@id":"https:\/\/www.digitalpa.net\/es\/copyright\/#breadcrumb"},"inLanguage":"es","potentialAction":[{"@type":"ReadAction","target":["https:\/\/www.digitalpa.net\/es\/copyright\/"]}]},{"@type":"BreadcrumbList","@id":"https:\/\/www.digitalpa.net\/es\/copyright\/#breadcrumb","itemListElement":[{"@type":"ListItem","position":1,"name":"Home","item":"https:\/\/www.digitalpa.net\/en\/"},{"@type":"ListItem","position":2,"name":"Confidencialidad de los datos y Copyright"}]},{"@type":"WebSite","@id":"https:\/\/www.digitalpa.net\/en\/#website","url":"https:\/\/www.digitalpa.net\/en\/","name":"DigitalPA","description":"Software &amp; Services for Public Authorities and Companies","publisher":{"@id":"https:\/\/www.digitalpa.net\/en\/#organization"},"potentialAction":[{"@type":"SearchAction","target":{"@type":"EntryPoint","urlTemplate":"https:\/\/www.digitalpa.net\/en\/?s={search_term_string}"},"query-input":{"@type":"PropertyValueSpecification","valueRequired":true,"valueName":"search_term_string"}}],"inLanguage":"es"},{"@type":"Organization","@id":"https:\/\/www.digitalpa.net\/en\/#organization","name":"DigitalPA","url":"https:\/\/www.digitalpa.net\/en\/","logo":{"@type":"ImageObject","inLanguage":"es","@id":"https:\/\/www.digitalpa.net\/en\/#\/schema\/logo\/image\/","url":"https:\/\/www.digitalpa.net\/wp-content\/uploads\/logo-digitalpa-blu-rosso-orizzontale.jpg","contentUrl":"https:\/\/www.digitalpa.net\/wp-content\/uploads\/logo-digitalpa-blu-rosso-orizzontale.jpg","width":249,"height":37,"caption":"DigitalPA"},"image":{"@id":"https:\/\/www.digitalpa.net\/en\/#\/schema\/logo\/image\/"}}]}},"_links":{"self":[{"href":"https:\/\/www.digitalpa.net\/es\/wp-json\/wp\/v2\/pages\/2120","targetHints":{"allow":["GET"]}}],"collection":[{"href":"https:\/\/www.digitalpa.net\/es\/wp-json\/wp\/v2\/pages"}],"about":[{"href":"https:\/\/www.digitalpa.net\/es\/wp-json\/wp\/v2\/types\/page"}],"author":[{"embeddable":true,"href":"https:\/\/www.digitalpa.net\/es\/wp-json\/wp\/v2\/users\/4"}],"replies":[{"embeddable":true,"href":"https:\/\/www.digitalpa.net\/es\/wp-json\/wp\/v2\/comments?post=2120"}],"version-history":[{"count":11,"href":"https:\/\/www.digitalpa.net\/es\/wp-json\/wp\/v2\/pages\/2120\/revisions"}],"predecessor-version":[{"id":5064,"href":"https:\/\/www.digitalpa.net\/es\/wp-json\/wp\/v2\/pages\/2120\/revisions\/5064"}],"wp:attachment":[{"href":"https:\/\/www.digitalpa.net\/es\/wp-json\/wp\/v2\/media?parent=2120"}],"curies":[{"name":"wp","href":"https:\/\/api.w.org\/{rel}","templated":true}]}}