{"id":2073,"date":"2019-10-16T09:31:24","date_gmt":"2019-10-16T09:31:24","guid":{"rendered":"https:\/\/www.digitalpa.net\/?page_id=2073"},"modified":"2022-06-07T14:49:54","modified_gmt":"2022-06-07T14:49:54","slug":"carreras","status":"publish","type":"page","link":"https:\/\/www.digitalpa.net\/es\/carreras\/","title":{"rendered":"Carreras"},"content":{"rendered":"<p>[et_pb_section fb_built=\u00bb1&#8243; _builder_version=\u00bb3.22&#8243; use_background_color_gradient=\u00bbon\u00bb background_color_gradient_start=\u00bb#0c364f\u00bb background_color_gradient_end=\u00bb#001f45&#8243; background_color_gradient_direction=\u00bb212deg\u00bb custom_margin=\u00bb0px||0px|\u00bb custom_padding=\u00bb0px||0px|\u00bb global_colors_info=\u00bb{}\u00bb][et_pb_row _builder_version=\u00bb3.25&#8243; background_size=\u00bbinitial\u00bb background_position=\u00bbtop_left\u00bb background_repeat=\u00bbrepeat\u00bb global_colors_info=\u00bb{}\u00bb][et_pb_column type=\u00bb4_4&#8243; _builder_version=\u00bb3.25&#8243; custom_padding=\u00bb|||\u00bb global_colors_info=\u00bb{}\u00bb custom_padding__hover=\u00bb|||\u00bb][et_pb_text _builder_version=\u00bb3.27.4&#8243; text_font=\u00bb|600|||||||\u00bb header_font=\u00bb|700|||||||\u00bb header_font_size=\u00bb40px\u00bb background_layout=\u00bbdark\u00bb text_text_shadow_style=\u00bbpreset2&#8243; header_text_shadow_style=\u00bbpreset2&#8243; global_colors_info=\u00bb{}\u00bb]<\/p>\n<h1 style=\"text-align: center;\">Carreras<\/h1>\n<p>[\/et_pb_text][\/et_pb_column][\/et_pb_row][et_pb_row column_structure=\u00bb1_2,1_2&#8243; use_custom_gutter=\u00bbon\u00bb gutter_width=\u00bb2&#8243; _builder_version=\u00bb3.25&#8243; width_unit=\u00bboff\u00bb custom_width_px=\u00bb2395px\u00bb custom_width_percent=\u00bb70%\u00bb global_colors_info=\u00bb{}\u00bb][et_pb_column type=\u00bb1_2&#8243; _builder_version=\u00bb3.25&#8243; custom_padding=\u00bb|||\u00bb global_colors_info=\u00bb{}\u00bb custom_padding__hover=\u00bb|||\u00bb][et_pb_text _builder_version=\u00bb3.27.4&#8243; text_font=\u00bb|700|||||||\u00bb text_text_color=\u00bb#172f4b\u00bb text_font_size=\u00bb23&#8243; header_font=\u00bb|700|||||||\u00bb header_text_color=\u00bb#172f4b\u00bb header_font_size=\u00bb50px\u00bb background_layout=\u00bbdark\u00bb custom_margin=\u00bb0px||1%|\u00bb custom_padding=\u00bb||0px|\u00bb text_text_shadow_style=\u00bbpreset1&#8243; header_text_shadow_style=\u00bbpreset1&#8243; border_color_all=\u00bb#172f4b\u00bb global_colors_info=\u00bb{}\u00bb]<\/p>\n<div id=\"KnM9nf\">\n<div class=\"DHcWmd\">\n<div id=\"tw-target\">\n<div id=\"kAz1tf\" class=\"g9WsWb\">\n<div id=\"tw-target-text-container\" class=\"tw-ta-container tw-nfl\">\n<h2 id=\"tw-target-text\" class=\"tw-data-text tw-text-large tw-ta\" dir=\"ltr\" data-placeholder=\"Traduzione\"><span lang=\"es\" tabindex=\"0\">\u00danete a <strong>nosotros<\/strong><\/span><\/h2>\n<\/div>\n<\/div>\n<\/div>\n<\/div>\n<\/div>\n<p>[\/et_pb_text][et_pb_divider color=\u00bb#c00000&#8243; divider_weight=\u00bb7&#8243; _builder_version=\u00bb3.19.15&#8243; max_width=\u00bb5%\u00bb module_alignment=\u00bbleft\u00bb height=\u00bb13px\u00bb custom_margin=\u00bb0px|||\u00bb custom_padding=\u00bb0px|||\u00bb saved_tabs=\u00bball\u00bb global_colors_info=\u00bb{}\u00bb][\/et_pb_divider][et_pb_text _builder_version=\u00bb4.14.4&#8243; header_font=\u00bb|700|||||||\u00bb header_font_size=\u00bb50px\u00bb text_orientation=\u00bbjustified\u00bb background_layout=\u00bbdark\u00bb global_colors_info=\u00bb{}\u00bb]<\/p>\n<p>DigitalPA est\u00e1 interesada en contactar con recursos humanos cualificados y decididos, en aras de una mejora continua y de una expansi\u00f3n de su propia gama de servicios.<br \/>Los nuevos recursos deben estar preparados y orientados a aceptar el reto en un ambiente din\u00e1mico y dirigido constantemente al desarrollo.<\/p>\n<p>[\/et_pb_text][\/et_pb_column][et_pb_column type=\u00bb1_2&#8243; _builder_version=\u00bb3.25&#8243; custom_padding=\u00bb|||\u00bb global_colors_info=\u00bb{}\u00bb custom_padding__hover=\u00bb|||\u00bb][et_pb_image src=\u00bbhttps:\/\/www.digitalpa.net\/wp-content\/uploads\/careers-digitalpa-3.png\u00bb align_tablet=\u00bbcenter\u00bb align_phone=\u00bbcenter\u00bb align_last_edited=\u00bbon|desktop\u00bb _builder_version=\u00bb3.23&#8243; custom_margin=\u00bb-15%|||\u00bb custom_margin_tablet=\u00bb0%|||\u00bb custom_margin_phone=\u00bb0px|||\u00bb custom_margin_last_edited=\u00bbon|desktop\u00bb animation_style=\u00bbslide\u00bb animation_direction=\u00bbright\u00bb animation_duration=\u00bb1250ms\u00bb global_colors_info=\u00bb{}\u00bb][\/et_pb_image][\/et_pb_column][\/et_pb_row][\/et_pb_section][et_pb_section fb_built=\u00bb1&#8243; _builder_version=\u00bb3.22&#8243; background_color=\u00bb#043b63&#8243; custom_padding=\u00bb0px||0px|\u00bb global_colors_info=\u00bb{}\u00bb][et_pb_row _builder_version=\u00bb3.25&#8243; background_size=\u00bbinitial\u00bb background_position=\u00bbtop_left\u00bb background_repeat=\u00bbrepeat\u00bb global_colors_info=\u00bb{}\u00bb][et_pb_column type=\u00bb4_4&#8243; _builder_version=\u00bb3.25&#8243; custom_padding=\u00bb|||\u00bb global_colors_info=\u00bb{}\u00bb custom_padding__hover=\u00bb|||\u00bb][et_pb_text _builder_version=\u00bb3.27.4&#8243; global_colors_info=\u00bb{}\u00bb]<\/p>\n<h2 style=\"text-align: center;\"><strong><span style=\"color: #ffffff;\">Los recursos humanos representan la verdadera ventaja competitiva de DigitalPA<\/span><\/strong><\/h2>\n<p>[\/et_pb_text][et_pb_text _builder_version=\u00bb3.27.4&#8243; global_colors_info=\u00bb{}\u00bb]<\/p>\n<h4 style=\"text-align: center;\"><span style=\"color: #ffffff;\">Los perfiles profesionales m\u00e1s solicitados son:<\/span><\/h4>\n<p>[\/et_pb_text][\/et_pb_column][\/et_pb_row][et_pb_row column_structure=\u00bb1_5,1_5,1_5,1_5,1_5&#8243; use_custom_gutter=\u00bbon\u00bb gutter_width=\u00bb2&#8243; _builder_version=\u00bb3.25&#8243; width=\u00bb85%\u00bb max_width=\u00bb85%\u00bb custom_padding=\u00bb0px|||\u00bb animation_style=\u00bbslide\u00bb use_custom_width=\u00bbon\u00bb width_unit=\u00bboff\u00bb custom_width_percent=\u00bb85%\u00bb global_colors_info=\u00bb{}\u00bb][et_pb_column type=\u00bb1_5&#8243; _builder_version=\u00bb3.25&#8243; custom_padding=\u00bb|||\u00bb global_colors_info=\u00bb{}\u00bb custom_padding__hover=\u00bb|||\u00bb][et_pb_blurb title=\u00bbDesarrollador de software\u00bb url=\u00bbmailto:curricula@digitalpa.it\u00bb url_new_window=\u00bbon\u00bb image=\u00bbhttps:\/\/www.digitalpa.net\/wp-content\/uploads\/software-developer-digitalpa.jpg\u00bb _builder_version=\u00bb4.13.0&#8243; header_level=\u00bbh3&#8243; header_font=\u00bb|700|||||||\u00bb header_text_align=\u00bbcenter\u00bb header_text_color=\u00bb#727272&#8243; background_color=\u00bb#ffffff\u00bb text_orientation=\u00bbcenter\u00bb custom_padding=\u00bb20px|20px|20px|20px\u00bb link_option_url=\u00bbmailto:curricula@digitalpa.it\u00bb link_option_url_new_window=\u00bbon\u00bb border_radii=\u00bbon|15px|15px|15px|15px\u00bb border_radii_image=\u00bbon|15px|15px|15px|15px\u00bb border_width_all_image=\u00bb9px\u00bb border_style_all_image=\u00bbnone\u00bb box_shadow_style=\u00bbpreset3&#8243; global_colors_info=\u00bb{}\u00bb][\/et_pb_blurb][\/et_pb_column][et_pb_column type=\u00bb1_5&#8243; _builder_version=\u00bb3.25&#8243; custom_padding=\u00bb|||\u00bb global_colors_info=\u00bb{}\u00bb custom_padding__hover=\u00bb|||\u00bb][et_pb_blurb title=\u00bbAsesor comercial\u00bb url=\u00bbmailto:curricula@digitalpa.it\u00bb url_new_window=\u00bbon\u00bb image=\u00bbhttps:\/\/www.digitalpa.net\/wp-content\/uploads\/sales-team-digitalpa-careers-1.jpg\u00bb _builder_version=\u00bb4.13.0&#8243; header_level=\u00bbh3&#8243; header_font=\u00bb|700|||||||\u00bb header_text_align=\u00bbcenter\u00bb header_text_color=\u00bb#727272&#8243; background_color=\u00bb#ffffff\u00bb text_orientation=\u00bbcenter\u00bb custom_padding=\u00bb20px|20px|20px|20px\u00bb link_option_url=\u00bbmailto:curricula@digitalpa.it\u00bb link_option_url_new_window=\u00bbon\u00bb border_radii=\u00bbon|15px|15px|15px|15px\u00bb border_radii_image=\u00bbon|15px|15px|15px|15px\u00bb border_width_all_image=\u00bb9px\u00bb border_style_all_image=\u00bbnone\u00bb box_shadow_style=\u00bbpreset3&#8243; global_colors_info=\u00bb{}\u00bb][\/et_pb_blurb][\/et_pb_column][et_pb_column type=\u00bb1_5&#8243; _builder_version=\u00bb3.25&#8243; custom_padding=\u00bb|||\u00bb global_colors_info=\u00bb{}\u00bb custom_padding__hover=\u00bb|||\u00bb][et_pb_blurb title=\u00bbAsesor de software\u00bb url=\u00bbmailto:curricula@digitalpa.it\u00bb url_new_window=\u00bbon\u00bb image=\u00bbhttps:\/\/www.digitalpa.net\/wp-content\/uploads\/software-techinicians-digitalpa-1.jpg\u00bb _builder_version=\u00bb4.13.0&#8243; header_level=\u00bbh3&#8243; header_font=\u00bb|700|||||||\u00bb header_text_align=\u00bbcenter\u00bb header_text_color=\u00bb#727272&#8243; background_color=\u00bb#ffffff\u00bb text_orientation=\u00bbcenter\u00bb custom_padding=\u00bb20px|20px|20px|20px\u00bb link_option_url=\u00bbmailto:curricula@digitalpa.it\u00bb link_option_url_new_window=\u00bbon\u00bb border_radii=\u00bbon|15px|15px|15px|15px\u00bb border_radii_image=\u00bbon|15px|15px|15px|15px\u00bb border_width_all_image=\u00bb9px\u00bb border_style_all_image=\u00bbnone\u00bb box_shadow_style=\u00bbpreset3&#8243; global_colors_info=\u00bb{}\u00bb][\/et_pb_blurb][\/et_pb_column][et_pb_column type=\u00bb1_5&#8243; _builder_version=\u00bb3.25&#8243; custom_padding=\u00bb|||\u00bb global_colors_info=\u00bb{}\u00bb custom_padding__hover=\u00bb|||\u00bb][et_pb_blurb title=\u00bbSoporte de asistencia especializado en asistencia software\u00bb url=\u00bbmailto:curricula@digitalpa.it\u00bb url_new_window=\u00bbon\u00bb image=\u00bbhttps:\/\/www.digitalpa.net\/wp-content\/uploads\/consulting-digitalpa-careers.jpg\u00bb _builder_version=\u00bb4.13.0&#8243; header_level=\u00bbh3&#8243; header_font=\u00bb|700|||||||\u00bb header_text_align=\u00bbcenter\u00bb header_text_color=\u00bb#727272&#8243; background_color=\u00bb#ffffff\u00bb text_orientation=\u00bbcenter\u00bb custom_padding=\u00bb20px|20px|20px|20px\u00bb link_option_url=\u00bbmailto:curricula@digitalpa.it\u00bb link_option_url_new_window=\u00bbon\u00bb border_radii=\u00bbon|15px|15px|15px|15px\u00bb border_radii_image=\u00bbon|15px|15px|15px|15px\u00bb border_width_all_image=\u00bb9px\u00bb border_style_all_image=\u00bbnone\u00bb box_shadow_style=\u00bbpreset3&#8243; global_colors_info=\u00bb{}\u00bb][\/et_pb_blurb][\/et_pb_column][et_pb_column type=\u00bb1_5&#8243; _builder_version=\u00bb3.25&#8243; custom_padding=\u00bb|||\u00bb global_colors_info=\u00bb{}\u00bb custom_padding__hover=\u00bb|||\u00bb][et_pb_blurb title=\u00bbAbogados y licenciados en Jurisprudencia\u00bb url=\u00bbmailto:curricula@digitalpa.it\u00bb url_new_window=\u00bbon\u00bb image=\u00bbhttps:\/\/www.digitalpa.net\/wp-content\/uploads\/lawyer-digitalpa-careers-1.jpg\u00bb _builder_version=\u00bb4.13.0&#8243; header_level=\u00bbh3&#8243; header_font=\u00bb|700|||||||\u00bb header_text_align=\u00bbcenter\u00bb header_text_color=\u00bb#727272&#8243; background_color=\u00bb#ffffff\u00bb text_orientation=\u00bbcenter\u00bb custom_padding=\u00bb20px|20px|20px|20px\u00bb link_option_url=\u00bbmailto:curricula@digitalpa.it\u00bb link_option_url_new_window=\u00bbon\u00bb border_radii=\u00bbon|15px|15px|15px|15px\u00bb border_radii_image=\u00bbon|15px|15px|15px|15px\u00bb border_width_all_image=\u00bb9px\u00bb border_style_all_image=\u00bbnone\u00bb box_shadow_style=\u00bbpreset3&#8243; global_colors_info=\u00bb{}\u00bb][\/et_pb_blurb][\/et_pb_column][\/et_pb_row][\/et_pb_section][et_pb_section fb_built=\u00bb1&#8243; _builder_version=\u00bb3.22&#8243; custom_padding=\u00bb0px||0px|\u00bb global_colors_info=\u00bb{}\u00bb][et_pb_row column_structure=\u00bb1_2,1_2&#8243; _builder_version=\u00bb3.25&#8243; width=\u00bb100%\u00bb max_width=\u00bb100%\u00bb module_alignment=\u00bbcenter\u00bb custom_margin=\u00bb0px|0px|0px|0px\u00bb custom_padding=\u00bb0px|0px|0px|0px\u00bb custom_css_main_element=\u00bbwidth: 100%;||max-width: 100%;\u00bb make_fullwidth=\u00bbon\u00bb use_custom_width=\u00bbon\u00bb width_unit=\u00bboff\u00bb custom_width_percent=\u00bb100%\u00bb global_colors_info=\u00bb{}\u00bb][et_pb_column type=\u00bb1_2&#8243; _builder_version=\u00bb3.25&#8243; custom_padding=\u00bb|||\u00bb global_colors_info=\u00bb{}\u00bb custom_padding__hover=\u00bb|||\u00bb][et_pb_image src=\u00bbhttps:\/\/www.digitalpa.net\/wp-content\/uploads\/career-apply-digitalpa-1.jpg\u00bb align_tablet=\u00bbcenter\u00bb align_phone=\u00bbcenter\u00bb align_last_edited=\u00bbon|desktop\u00bb _builder_version=\u00bb3.23&#8243; global_colors_info=\u00bb{}\u00bb][\/et_pb_image][\/et_pb_column][et_pb_column type=\u00bb1_2&#8243; _builder_version=\u00bb3.25&#8243; custom_padding=\u00bb|||\u00bb global_colors_info=\u00bb{}\u00bb custom_padding__hover=\u00bb|||\u00bb][et_pb_image src=\u00bbhttps:\/\/www.digitalpa.net\/wp-content\/uploads\/digitalpa-logo-icona.jpg\u00bb align_tablet=\u00bbcenter\u00bb align_phone=\u00bbcenter\u00bb align_last_edited=\u00bbon|desktop\u00bb _builder_version=\u00bb3.23&#8243; custom_margin=\u00bb||0px|\u00bb custom_padding=\u00bb8%||1%|\u00bb animation_style=\u00bbzoom\u00bb animation_direction=\u00bbtop\u00bb animation_duration=\u00bb1300ms\u00bb global_colors_info=\u00bb{}\u00bb][\/et_pb_image][et_pb_text _builder_version=\u00bb3.27.4&#8243; custom_margin=\u00bb0px|0px|1%|0px\u00bb custom_padding=\u00bb0px|0px|0px|0px\u00bb custom_padding_tablet=\u00bb0px|20px|0px|20px\u00bb custom_padding_phone=\u00bb\u00bb custom_padding_last_edited=\u00bbon|tablet\u00bb global_colors_info=\u00bb{}\u00bb]<\/p>\n<h2 class=\"et_pb_module_header\"><strong>Trabaje con nosotros<\/strong><\/h2>\n<p>[\/et_pb_text][et_pb_divider color=\u00bb#2c9bc4&#8243; divider_weight=\u00bb7&#8243; _builder_version=\u00bb3.19.15&#8243; max_width=\u00bb5%\u00bb max_width_tablet=\u00bb10%\u00bb max_width_phone=\u00bb\u00bb max_width_last_edited=\u00bbon|tablet\u00bb module_alignment=\u00bbleft\u00bb height=\u00bb13px\u00bb custom_margin=\u00bb0px||2%|\u00bb custom_padding=\u00bb0px|||0px\u00bb custom_padding_tablet=\u00bb0px|20px||20px\u00bb custom_padding_phone=\u00bb\u00bb custom_padding_last_edited=\u00bbon|phone\u00bb saved_tabs=\u00bball\u00bb global_colors_info=\u00bb{}\u00bb][\/et_pb_divider][et_pb_text _builder_version=\u00bb3.27.4&#8243; text_orientation=\u00bbjustified\u00bb max_width=\u00bb80%\u00bb custom_padding=\u00bb0px|70px||0px\u00bb custom_padding_tablet=\u00bb0px|20px||20px\u00bb custom_padding_phone=\u00bb\u00bb custom_padding_last_edited=\u00bbon|tablet\u00bb global_colors_info=\u00bb{}\u00bb]Puede enviarnos un CV en formato europeo al correo electr\u00f3nico <strong><a href=\"mailto:curricula@digitalpa.it\">curricula@digitalpa.it<\/a><\/strong> indicando expresamente la autorizaci\u00f3n para el tratamiento de los datos personales de conformidad con el GDPR 2016\/679.<\/p>\n<p>Ser\u00e1 contactado en caso de que su CV cumpla con nuestras exigencias.<br \/>\n[\/et_pb_text][et_pb_button button_url=\u00bbmailto:curricula@digitalpa.it\u00bb button_text=\u00bbEnvia\u00bb button_alignment=\u00bbleft\u00bb _builder_version=\u00bb4.13.0&#8243; custom_button=\u00bbon\u00bb button_text_size=\u00bb12&#8243; button_bg_use_color_gradient=\u00bbon\u00bb button_bg_color_gradient_start=\u00bb#0c364f\u00bb button_bg_color_gradient_end=\u00bb#004a7f\u00bb button_border_width=\u00bb1&#8243; button_border_radius=\u00bb10&#8243; button_font=\u00bb|600||on|||||\u00bb button_use_icon=\u00bboff\u00bb background_layout=\u00bbdark\u00bb custom_margin=\u00bb0px|||\u00bb custom_margin_tablet=\u00bb0px|20px||20px\u00bb custom_margin_phone=\u00bb\u00bb custom_margin_last_edited=\u00bbon|phone\u00bb custom_padding=\u00bb10px|20px|10px|20px\u00bb custom_padding_tablet=\u00bb\u00bb custom_padding_phone=\u00bb\u00bb custom_padding_last_edited=\u00bbon|\u00bb saved_tabs=\u00bball\u00bb global_colors_info=\u00bb{}\u00bb][\/et_pb_button][\/et_pb_column][\/et_pb_row][\/et_pb_section][et_pb_section fb_built=\u00bb1&#8243; _builder_version=\u00bb3.22&#8243; global_colors_info=\u00bb{}\u00bb][et_pb_row module_class=\u00bb et_pb_row_fullwidth\u00bb _builder_version=\u00bb3.25&#8243; background_size=\u00bbinitial\u00bb background_position=\u00bbtop_left\u00bb background_repeat=\u00bbrepeat\u00bb width=\u00bb89%\u00bb width_tablet=\u00bb80%\u00bb width_phone=\u00bb80%\u00bb width_last_edited=\u00bbon|desktop\u00bb max_width=\u00bb89%\u00bb max_width_tablet=\u00bb80%\u00bb max_width_phone=\u00bb80%\u00bb max_width_last_edited=\u00bbon|desktop\u00bb make_fullwidth=\u00bbon\u00bb global_colors_info=\u00bb{}\u00bb][et_pb_column type=\u00bb4_4&#8243; _builder_version=\u00bb3.25&#8243; custom_padding=\u00bb|||\u00bb global_colors_info=\u00bb{}\u00bb custom_padding__hover=\u00bb|||\u00bb][et_pb_button button_url=\u00bb\/partners\/?lang=es\u00bb button_text=\u00bbIR a partners\u00bb button_alignment=\u00bbright\u00bb _builder_version=\u00bb4.14.4&#8243; custom_button=\u00bbon\u00bb button_text_size=\u00bb14&#8243; button_text_color=\u00bb#0c364f\u00bb button_border_color=\u00bb#0c364f\u00bb button_font=\u00bb|700||on|||||\u00bb button_icon=\u00bb&#x35;||divi||400&#8243; button_icon_color=\u00bb#0c364f\u00bb animation_style=\u00bbslide\u00bb animation_direction=\u00bbright\u00bb animation_duration=\u00bb1500ms\u00bb animation_intensity_slide=\u00bb69%\u00bb hover_enabled=\u00bb0&#8243; saved_tabs=\u00bball\u00bb global_colors_info=\u00bb{}\u00bb theme_builder_area=\u00bbpost_content\u00bb sticky_enabled=\u00bb0&#8243;]<\/p>\n<p>[\/et_pb_button][\/et_pb_column][\/et_pb_row][\/et_pb_section]<\/p>\n","protected":false},"excerpt":{"rendered":"<p>Carreras \u00danete a nosotros DigitalPA est\u00e1 interesada en contactar con recursos humanos cualificados y decididos, en aras de una mejora continua y de una expansi\u00f3n de su propia gama de servicios.Los nuevos recursos deben estar preparados y orientados a aceptar el reto en un ambiente din\u00e1mico y dirigido constantemente al desarrollo.Los recursos humanos representan la [&hellip;]<\/p>\n","protected":false},"author":4,"featured_media":0,"parent":0,"menu_order":0,"comment_status":"closed","ping_status":"closed","template":"","meta":{"_et_pb_use_builder":"on","_et_pb_old_content":"<p>At DigitalPA, we are interested in getting in touch with <strong>qualified and determined candidates<\/strong>, in order to improve and broaden our range of services. New resources must be ready and oriented to accept new challenges in a dynamic and constantly developing environment.<\/p><p>In fact,\u00a0 human resources represent the real competitive advantage for DigitalPA.<\/p><p>The most requested professional profiles are:<\/p><ul><li>Software Developer<\/li><li>Commercial staff<\/li><li>Secretarial staff<\/li><li>Lawyers and law graduates<\/li><\/ul><p>You can send a curriculum vitae in European format to the e-mail address <strong><a href=\"mailto:curricula@digitalpa.it\">curricula@digitalpa.it<\/a><\/strong> with the explicit consent to the use of personal data pursuant to the GDPR 2016\/679.<\/p><p>In case of interest we will contact you.<\/p><div id=\"ritekit-alerts\">\u00a0<\/div><p>\u00a0<\/p><div id=\"ritekit-alerts\">\u00a0<\/div><p>\u00a0<\/p>","_et_gb_content_width":"","footnotes":""},"class_list":["post-2073","page","type-page","status-publish","hentry"],"yoast_head":"<!-- This site is optimized with the Yoast SEO plugin v27.1.1 - https:\/\/yoast.com\/product\/yoast-seo-wordpress\/ -->\n<title>Carreras - DigitalPA<\/title>\n<meta name=\"description\" content=\"DigitalP est\u00e1 interesada en contactar con recursos humanos cualificados y decididos\" \/>\n<meta name=\"robots\" content=\"index, follow, max-snippet:-1, max-image-preview:large, max-video-preview:-1\" \/>\n<link rel=\"canonical\" href=\"https:\/\/www.digitalpa.net\/es\/carreras\/\" \/>\n<meta property=\"og:locale\" content=\"es_ES\" \/>\n<meta property=\"og:type\" content=\"article\" \/>\n<meta property=\"og:title\" content=\"Carreras - DigitalPA\" \/>\n<meta property=\"og:description\" content=\"DigitalP est\u00e1 interesada en contactar con recursos humanos cualificados y decididos\" \/>\n<meta property=\"og:url\" content=\"https:\/\/www.digitalpa.net\/es\/carreras\/\" \/>\n<meta property=\"og:site_name\" content=\"DigitalPA\" \/>\n<meta property=\"article:modified_time\" content=\"2022-06-07T14:49:54+00:00\" \/>\n<meta name=\"twitter:card\" content=\"summary_large_image\" \/>\n<meta name=\"twitter:label1\" content=\"Tiempo de lectura\" \/>\n\t<meta name=\"twitter:data1\" content=\"9 minutos\" \/>\n<script type=\"application\/ld+json\" class=\"yoast-schema-graph\">{\"@context\":\"https:\/\/schema.org\",\"@graph\":[{\"@type\":\"WebPage\",\"@id\":\"https:\/\/www.digitalpa.net\/es\/carreras\/\",\"url\":\"https:\/\/www.digitalpa.net\/es\/carreras\/\",\"name\":\"Carreras - DigitalPA\",\"isPartOf\":{\"@id\":\"https:\/\/www.digitalpa.net\/en\/#website\"},\"datePublished\":\"2019-10-16T09:31:24+00:00\",\"dateModified\":\"2022-06-07T14:49:54+00:00\",\"description\":\"DigitalP est\u00e1 interesada en contactar con recursos humanos cualificados y decididos\",\"breadcrumb\":{\"@id\":\"https:\/\/www.digitalpa.net\/es\/carreras\/#breadcrumb\"},\"inLanguage\":\"es\",\"potentialAction\":[{\"@type\":\"ReadAction\",\"target\":[\"https:\/\/www.digitalpa.net\/es\/carreras\/\"]}]},{\"@type\":\"BreadcrumbList\",\"@id\":\"https:\/\/www.digitalpa.net\/es\/carreras\/#breadcrumb\",\"itemListElement\":[{\"@type\":\"ListItem\",\"position\":1,\"name\":\"Home\",\"item\":\"https:\/\/www.digitalpa.net\/en\/\"},{\"@type\":\"ListItem\",\"position\":2,\"name\":\"Carreras\"}]},{\"@type\":\"WebSite\",\"@id\":\"https:\/\/www.digitalpa.net\/en\/#website\",\"url\":\"https:\/\/www.digitalpa.net\/en\/\",\"name\":\"DigitalPA\",\"description\":\"Software &amp; Services for Public Authorities and Companies\",\"publisher\":{\"@id\":\"https:\/\/www.digitalpa.net\/en\/#organization\"},\"potentialAction\":[{\"@type\":\"SearchAction\",\"target\":{\"@type\":\"EntryPoint\",\"urlTemplate\":\"https:\/\/www.digitalpa.net\/en\/?s={search_term_string}\"},\"query-input\":{\"@type\":\"PropertyValueSpecification\",\"valueRequired\":true,\"valueName\":\"search_term_string\"}}],\"inLanguage\":\"es\"},{\"@type\":\"Organization\",\"@id\":\"https:\/\/www.digitalpa.net\/en\/#organization\",\"name\":\"DigitalPA\",\"url\":\"https:\/\/www.digitalpa.net\/en\/\",\"logo\":{\"@type\":\"ImageObject\",\"inLanguage\":\"es\",\"@id\":\"https:\/\/www.digitalpa.net\/en\/#\/schema\/logo\/image\/\",\"url\":\"https:\/\/www.digitalpa.net\/wp-content\/uploads\/logo-digitalpa-blu-rosso-orizzontale.jpg\",\"contentUrl\":\"https:\/\/www.digitalpa.net\/wp-content\/uploads\/logo-digitalpa-blu-rosso-orizzontale.jpg\",\"width\":249,\"height\":37,\"caption\":\"DigitalPA\"},\"image\":{\"@id\":\"https:\/\/www.digitalpa.net\/en\/#\/schema\/logo\/image\/\"}}]}<\/script>\n<!-- \/ Yoast SEO plugin. -->","yoast_head_json":{"title":"Carreras - DigitalPA","description":"DigitalP est\u00e1 interesada en contactar con recursos humanos cualificados y decididos","robots":{"index":"index","follow":"follow","max-snippet":"max-snippet:-1","max-image-preview":"max-image-preview:large","max-video-preview":"max-video-preview:-1"},"canonical":"https:\/\/www.digitalpa.net\/es\/carreras\/","og_locale":"es_ES","og_type":"article","og_title":"Carreras - DigitalPA","og_description":"DigitalP est\u00e1 interesada en contactar con recursos humanos cualificados y decididos","og_url":"https:\/\/www.digitalpa.net\/es\/carreras\/","og_site_name":"DigitalPA","article_modified_time":"2022-06-07T14:49:54+00:00","twitter_card":"summary_large_image","twitter_misc":{"Tiempo de lectura":"9 minutos"},"schema":{"@context":"https:\/\/schema.org","@graph":[{"@type":"WebPage","@id":"https:\/\/www.digitalpa.net\/es\/carreras\/","url":"https:\/\/www.digitalpa.net\/es\/carreras\/","name":"Carreras - DigitalPA","isPartOf":{"@id":"https:\/\/www.digitalpa.net\/en\/#website"},"datePublished":"2019-10-16T09:31:24+00:00","dateModified":"2022-06-07T14:49:54+00:00","description":"DigitalP est\u00e1 interesada en contactar con recursos humanos cualificados y decididos","breadcrumb":{"@id":"https:\/\/www.digitalpa.net\/es\/carreras\/#breadcrumb"},"inLanguage":"es","potentialAction":[{"@type":"ReadAction","target":["https:\/\/www.digitalpa.net\/es\/carreras\/"]}]},{"@type":"BreadcrumbList","@id":"https:\/\/www.digitalpa.net\/es\/carreras\/#breadcrumb","itemListElement":[{"@type":"ListItem","position":1,"name":"Home","item":"https:\/\/www.digitalpa.net\/en\/"},{"@type":"ListItem","position":2,"name":"Carreras"}]},{"@type":"WebSite","@id":"https:\/\/www.digitalpa.net\/en\/#website","url":"https:\/\/www.digitalpa.net\/en\/","name":"DigitalPA","description":"Software &amp; Services for Public Authorities and Companies","publisher":{"@id":"https:\/\/www.digitalpa.net\/en\/#organization"},"potentialAction":[{"@type":"SearchAction","target":{"@type":"EntryPoint","urlTemplate":"https:\/\/www.digitalpa.net\/en\/?s={search_term_string}"},"query-input":{"@type":"PropertyValueSpecification","valueRequired":true,"valueName":"search_term_string"}}],"inLanguage":"es"},{"@type":"Organization","@id":"https:\/\/www.digitalpa.net\/en\/#organization","name":"DigitalPA","url":"https:\/\/www.digitalpa.net\/en\/","logo":{"@type":"ImageObject","inLanguage":"es","@id":"https:\/\/www.digitalpa.net\/en\/#\/schema\/logo\/image\/","url":"https:\/\/www.digitalpa.net\/wp-content\/uploads\/logo-digitalpa-blu-rosso-orizzontale.jpg","contentUrl":"https:\/\/www.digitalpa.net\/wp-content\/uploads\/logo-digitalpa-blu-rosso-orizzontale.jpg","width":249,"height":37,"caption":"DigitalPA"},"image":{"@id":"https:\/\/www.digitalpa.net\/en\/#\/schema\/logo\/image\/"}}]}},"_links":{"self":[{"href":"https:\/\/www.digitalpa.net\/es\/wp-json\/wp\/v2\/pages\/2073","targetHints":{"allow":["GET"]}}],"collection":[{"href":"https:\/\/www.digitalpa.net\/es\/wp-json\/wp\/v2\/pages"}],"about":[{"href":"https:\/\/www.digitalpa.net\/es\/wp-json\/wp\/v2\/types\/page"}],"author":[{"embeddable":true,"href":"https:\/\/www.digitalpa.net\/es\/wp-json\/wp\/v2\/users\/4"}],"replies":[{"embeddable":true,"href":"https:\/\/www.digitalpa.net\/es\/wp-json\/wp\/v2\/comments?post=2073"}],"version-history":[{"count":10,"href":"https:\/\/www.digitalpa.net\/es\/wp-json\/wp\/v2\/pages\/2073\/revisions"}],"predecessor-version":[{"id":4982,"href":"https:\/\/www.digitalpa.net\/es\/wp-json\/wp\/v2\/pages\/2073\/revisions\/4982"}],"wp:attachment":[{"href":"https:\/\/www.digitalpa.net\/es\/wp-json\/wp\/v2\/media?parent=2073"}],"curies":[{"name":"wp","href":"https:\/\/api.w.org\/{rel}","templated":true}]}}